{"id":34,"date":"2019-12-15T15:06:30","date_gmt":"2019-12-15T14:06:30","guid":{"rendered":"https:\/\/www.cie-colegram.com\/?page_id=34"},"modified":"2025-02-04T18:40:16","modified_gmt":"2025-02-04T17:40:16","slug":"la-compagnie","status":"publish","type":"page","link":"https:\/\/www.cie-colegram.com\/index.php\/la-compagnie\/","title":{"rendered":"LA COMPAGNIE"},"content":{"rendered":"\t\t<div data-elementor-type=\"wp-page\" data-elementor-id=\"34\" class=\"elementor elementor-34\">\n\t\t\t\t\t\t<section class=\"elementor-section elementor-top-section elementor-element elementor-element-57052ac4 elementor-section-stretched elementor-section-boxed elementor-section-height-default elementor-section-height-default\" data-id=\"57052ac4\" data-element_type=\"section\" data-e-type=\"section\" data-settings=\"{&quot;stretch_section&quot;:&quot;section-stretched&quot;}\">\n\t\t\t\t\t\t<div class=\"elementor-container elementor-column-gap-default\">\n\t\t\t\t\t<div class=\"elementor-column elementor-col-100 elementor-top-column elementor-element elementor-element-3bf4fc2\" data-id=\"3bf4fc2\" data-element_type=\"column\" data-e-type=\"column\">\n\t\t\t<div class=\"elementor-widget-wrap elementor-element-populated\">\n\t\t\t\t\t\t<div class=\"elementor-element elementor-element-7561edce elementor-widget elementor-widget-text-editor\" data-id=\"7561edce\" data-element_type=\"widget\" data-e-type=\"widget\" data-widget_type=\"text-editor.default\">\n\t\t\t\t<div class=\"elementor-widget-container\">\n\t\t\t\t\t\t\t\t\t<p><\/p>\n<p><strong>La Compagnie Col\u00e9gram<\/strong>, cr\u00e9\u00e9e en 2016, a \u00e9t\u00e9 pens\u00e9e par\u00a0<a href=\"https:\/\/www.cie-colegram.com\/index.php\/tarek-ait-meddour\/\">Tarek A\u00eft Meddour<\/a>\u00a0\u00e0 la fois comme un\u00a0<strong>outil de cr\u00e9ation<\/strong>\u00a0mais \u00e9galement comme un\u00a0<strong>vecteur de p\u00e9dagogie et de partage<\/strong>\u00a0de sa recherche.<\/p>\n<p>\u00a0<\/p>\n<p>Nourrie des disciplines acad\u00e9miques mais \u00e9galement d\u2019influences urbaines, la compagnie d\u00e9veloppe une danse contemporaine hybride,\u00a0\u00e9motionnelle et engag\u00e9e.<\/p>\n<p>\u00a0<\/p>\n<p>Ses actions &#8211; stages, ateliers, performances &#8211; touchent tous les publics.\u00a0Depuis la cr\u00e9ation de Col\u00e9gram, des <a href=\"https:\/\/www.cie-colegram.com\/index.php\/mediation\/\">projets de m\u00e9diation<\/a> ont \u00e9t\u00e9 d\u00e9velopp\u00e9s aupr\u00e8s d\u2019EHPAD, de centres de r\u00e9fugi\u00e9s, aupr\u00e8s de personnes en situation de handicap psychique et\/ou mental, dans des \u00e9coles primaires,&#8230;<\/p>\n<p>Par ailleurs, la compagnie compte \u00e0 son r\u00e9pertoire <em><a href=\"https:\/\/www.cie-colegram.com\/index.php\/resister\/\">R\u00e9sister<\/a><\/em>, <em><a href=\"https:\/\/www.cie-colegram.com\/index.php\/tawam\/\">Tawam<\/a><\/em>,\u00a0<a href=\"https:\/\/www.cie-colegram.com\/index.php\/le-bal\/\"><em>Le Bal<\/em><\/a>, ainsi que <a href=\"https:\/\/www.cie-colegram.com\/index.php\/ventisei\/\"><em>Ventisei<\/em><\/a>.<\/p>\n<p><\/p>\t\t\t\t\t\t\t\t<\/div>\n\t\t\t\t<\/div>\n\t\t\t\t\t<\/div>\n\t\t<\/div>\n\t\t\t\t\t<\/div>\n\t\t<\/section>\n\t\t\t\t<section class=\"elementor-section elementor-top-section elementor-element elementor-element-c9b1f02 elementor-section-boxed elementor-section-height-default elementor-section-height-default\" data-id=\"c9b1f02\" data-element_type=\"section\" data-e-type=\"section\">\n\t\t\t\t\t\t<div class=\"elementor-container elementor-column-gap-default\">\n\t\t\t\t\t<div class=\"elementor-column elementor-col-100 elementor-top-column elementor-element elementor-element-89b541d\" data-id=\"89b541d\" data-element_type=\"column\" data-e-type=\"column\">\n\t\t\t<div class=\"elementor-widget-wrap elementor-element-populated\">\n\t\t\t\t\t\t<div class=\"elementor-element elementor-element-b7a3497 elementor-widget elementor-widget-spacer\" data-id=\"b7a3497\" data-element_type=\"widget\" data-e-type=\"widget\" data-widget_type=\"spacer.default\">\n\t\t\t\t<div class=\"elementor-widget-container\">\n\t\t\t\t\t\t\t<div class=\"elementor-spacer\">\n\t\t\t<div class=\"elementor-spacer-inner\"><\/div>\n\t\t<\/div>\n\t\t\t\t\t\t<\/div>\n\t\t\t\t<\/div>\n\t\t\t\t\t<\/div>\n\t\t<\/div>\n\t\t\t\t\t<\/div>\n\t\t<\/section>\n\t\t\t\t<\/div>\n\t\t","protected":false},"excerpt":{"rendered":"<p>La Compagnie Col\u00e9gram, cr\u00e9\u00e9e en 2016, a \u00e9t\u00e9 pens\u00e9e par\u00a0Tarek A\u00eft Meddour\u00a0\u00e0 la fois comme un\u00a0outil de cr\u00e9ation\u00a0mais \u00e9galement comme un\u00a0vecteur de p\u00e9dagogie et de partage\u00a0de sa recherche. \u00a0 Nourrie des disciplines acad\u00e9miques mais \u00e9galement d\u2019influences urbaines, la compagnie d\u00e9veloppe une danse contemporaine hybride,\u00a0\u00e9motionnelle et engag\u00e9e. \u00a0 Ses actions &#8211; stages, ateliers, performances &#8211; touchent&hellip;<\/p>\n","protected":false},"author":2,"featured_media":2007,"parent":0,"menu_order":0,"comment_status":"closed","ping_status":"closed","template":"","meta":{"_monsterinsights_skip_tracking":false,"_monsterinsights_sitenote_active":false,"_monsterinsights_sitenote_note":"","_monsterinsights_sitenote_category":0,"footnotes":""},"class_list":["post-34","page","type-page","status-publish","has-post-thumbnail","hentry"],"yoast_head":"<!-- This site is optimized with the Yoast SEO plugin v24.5 - https:\/\/yoast.com\/wordpress\/plugins\/seo\/ -->\n<title>LA COMPAGNIE - Cie Col\u00e9gram | Tarek A\u00eft Meddour<\/title>\n<meta name=\"description\" content=\"La Cie Col\u00e9gram, cr\u00e9\u00e9e en 2016, a \u00e9t\u00e9 pens\u00e9e par Tarek A\u00eft Meddour comme un outil de cr\u00e9ation et un vecteur de p\u00e9dagogie et de transmission.\" \/>\n<meta name=\"robots\" content=\"index, follow, max-snippet:-1, max-image-preview:large, max-video-preview:-1\" \/>\n<link rel=\"canonical\" href=\"https:\/\/www.cie-colegram.com\/index.php\/la-compagnie\/\" \/>\n<meta property=\"og:locale\" content=\"fr_FR\" \/>\n<meta property=\"og:type\" content=\"article\" \/>\n<meta property=\"og:title\" content=\"LA COMPAGNIE - Cie Col\u00e9gram | Tarek A\u00eft Meddour\" \/>\n<meta property=\"og:description\" content=\"La Cie Col\u00e9gram, cr\u00e9\u00e9e en 2016, a \u00e9t\u00e9 pens\u00e9e par Tarek A\u00eft Meddour comme un outil de cr\u00e9ation et un vecteur de p\u00e9dagogie et de transmission.\" \/>\n<meta property=\"og:url\" content=\"https:\/\/www.cie-colegram.com\/index.php\/la-compagnie\/\" \/>\n<meta property=\"og:site_name\" content=\"Cie Col\u00e9gram | Tarek A\u00eft Meddour\" \/>\n<meta property=\"article:modified_time\" content=\"2025-02-04T17:40:16+00:00\" \/>\n<meta property=\"og:image\" content=\"https:\/\/www.cie-colegram.com\/wp-content\/uploads\/2020\/04\/cie-colegram-la-cie.jpg\" \/>\n\t<meta property=\"og:image:width\" content=\"2000\" \/>\n\t<meta property=\"og:image:height\" content=\"1200\" \/>\n\t<meta property=\"og:image:type\" content=\"image\/jpeg\" \/>\n<meta name=\"twitter:card\" content=\"summary_large_image\" \/>\n<meta name=\"twitter:label1\" content=\"Dur\u00e9e de lecture estim\u00e9e\" \/>\n\t<meta name=\"twitter:data1\" content=\"1 minute\" \/>\n<script type=\"application\/ld+json\" class=\"yoast-schema-graph\">{\"@context\":\"https:\/\/schema.org\",\"@graph\":[{\"@type\":\"WebPage\",\"@id\":\"https:\/\/www.cie-colegram.com\/index.php\/la-compagnie\/\",\"url\":\"https:\/\/www.cie-colegram.com\/index.php\/la-compagnie\/\",\"name\":\"LA COMPAGNIE - Cie Col\u00e9gram | Tarek A\u00eft Meddour\",\"isPartOf\":{\"@id\":\"https:\/\/www.cie-colegram.com\/#website\"},\"primaryImageOfPage\":{\"@id\":\"https:\/\/www.cie-colegram.com\/index.php\/la-compagnie\/#primaryimage\"},\"image\":{\"@id\":\"https:\/\/www.cie-colegram.com\/index.php\/la-compagnie\/#primaryimage\"},\"thumbnailUrl\":\"https:\/\/www.cie-colegram.com\/wp-content\/uploads\/2020\/04\/cie-colegram-la-cie.jpg\",\"datePublished\":\"2019-12-15T14:06:30+00:00\",\"dateModified\":\"2025-02-04T17:40:16+00:00\",\"description\":\"La Cie Col\u00e9gram, cr\u00e9\u00e9e en 2016, a \u00e9t\u00e9 pens\u00e9e par Tarek A\u00eft Meddour comme un outil de cr\u00e9ation et un vecteur de p\u00e9dagogie et de transmission.\",\"breadcrumb\":{\"@id\":\"https:\/\/www.cie-colegram.com\/index.php\/la-compagnie\/#breadcrumb\"},\"inLanguage\":\"fr-FR\",\"potentialAction\":[{\"@type\":\"ReadAction\",\"target\":[\"https:\/\/www.cie-colegram.com\/index.php\/la-compagnie\/\"]}]},{\"@type\":\"ImageObject\",\"inLanguage\":\"fr-FR\",\"@id\":\"https:\/\/www.cie-colegram.com\/index.php\/la-compagnie\/#primaryimage\",\"url\":\"https:\/\/www.cie-colegram.com\/wp-content\/uploads\/2020\/04\/cie-colegram-la-cie.jpg\",\"contentUrl\":\"https:\/\/www.cie-colegram.com\/wp-content\/uploads\/2020\/04\/cie-colegram-la-cie.jpg\",\"width\":2000,\"height\":1200,\"caption\":\"Cie Col\u00e9gram - Photo \u00a9 Philippe Monpontet\"},{\"@type\":\"BreadcrumbList\",\"@id\":\"https:\/\/www.cie-colegram.com\/index.php\/la-compagnie\/#breadcrumb\",\"itemListElement\":[{\"@type\":\"ListItem\",\"position\":1,\"name\":\"Accueil\",\"item\":\"https:\/\/www.cie-colegram.com\/\"},{\"@type\":\"ListItem\",\"position\":2,\"name\":\"LA COMPAGNIE\"}]},{\"@type\":\"WebSite\",\"@id\":\"https:\/\/www.cie-colegram.com\/#website\",\"url\":\"https:\/\/www.cie-colegram.com\/\",\"name\":\"Cie Col\u00e9gram | Tarek A\u00eft Meddour\",\"description\":\"\",\"publisher\":{\"@id\":\"https:\/\/www.cie-colegram.com\/#organization\"},\"potentialAction\":[{\"@type\":\"SearchAction\",\"target\":{\"@type\":\"EntryPoint\",\"urlTemplate\":\"https:\/\/www.cie-colegram.com\/?s={search_term_string}\"},\"query-input\":{\"@type\":\"PropertyValueSpecification\",\"valueRequired\":true,\"valueName\":\"search_term_string\"}}],\"inLanguage\":\"fr-FR\"},{\"@type\":\"Organization\",\"@id\":\"https:\/\/www.cie-colegram.com\/#organization\",\"name\":\"Cie Col\u00e9gram | Tarek A\u00eft Meddour\",\"url\":\"https:\/\/www.cie-colegram.com\/\",\"logo\":{\"@type\":\"ImageObject\",\"inLanguage\":\"fr-FR\",\"@id\":\"https:\/\/www.cie-colegram.com\/#\/schema\/logo\/image\/\",\"url\":\"https:\/\/www.cie-colegram.com\/wp-content\/uploads\/2019\/12\/CLG_logo_NOIR.png\",\"contentUrl\":\"https:\/\/www.cie-colegram.com\/wp-content\/uploads\/2019\/12\/CLG_logo_NOIR.png\",\"width\":1550,\"height\":2000,\"caption\":\"Cie Col\u00e9gram | Tarek A\u00eft Meddour\"},\"image\":{\"@id\":\"https:\/\/www.cie-colegram.com\/#\/schema\/logo\/image\/\"}}]}<\/script>\n<!-- \/ Yoast SEO plugin. -->","yoast_head_json":{"title":"LA COMPAGNIE - Cie Col\u00e9gram | Tarek A\u00eft Meddour","description":"La Cie Col\u00e9gram, cr\u00e9\u00e9e en 2016, a \u00e9t\u00e9 pens\u00e9e par Tarek A\u00eft Meddour comme un outil de cr\u00e9ation et un vecteur de p\u00e9dagogie et de transmission.","robots":{"index":"index","follow":"follow","max-snippet":"max-snippet:-1","max-image-preview":"max-image-preview:large","max-video-preview":"max-video-preview:-1"},"canonical":"https:\/\/www.cie-colegram.com\/index.php\/la-compagnie\/","og_locale":"fr_FR","og_type":"article","og_title":"LA COMPAGNIE - Cie Col\u00e9gram | Tarek A\u00eft Meddour","og_description":"La Cie Col\u00e9gram, cr\u00e9\u00e9e en 2016, a \u00e9t\u00e9 pens\u00e9e par Tarek A\u00eft Meddour comme un outil de cr\u00e9ation et un vecteur de p\u00e9dagogie et de transmission.","og_url":"https:\/\/www.cie-colegram.com\/index.php\/la-compagnie\/","og_site_name":"Cie Col\u00e9gram | Tarek A\u00eft Meddour","article_modified_time":"2025-02-04T17:40:16+00:00","og_image":[{"width":2000,"height":1200,"url":"https:\/\/www.cie-colegram.com\/wp-content\/uploads\/2020\/04\/cie-colegram-la-cie.jpg","type":"image\/jpeg"}],"twitter_card":"summary_large_image","twitter_misc":{"Dur\u00e9e de lecture estim\u00e9e":"1 minute"},"schema":{"@context":"https:\/\/schema.org","@graph":[{"@type":"WebPage","@id":"https:\/\/www.cie-colegram.com\/index.php\/la-compagnie\/","url":"https:\/\/www.cie-colegram.com\/index.php\/la-compagnie\/","name":"LA COMPAGNIE - Cie Col\u00e9gram | Tarek A\u00eft Meddour","isPartOf":{"@id":"https:\/\/www.cie-colegram.com\/#website"},"primaryImageOfPage":{"@id":"https:\/\/www.cie-colegram.com\/index.php\/la-compagnie\/#primaryimage"},"image":{"@id":"https:\/\/www.cie-colegram.com\/index.php\/la-compagnie\/#primaryimage"},"thumbnailUrl":"https:\/\/www.cie-colegram.com\/wp-content\/uploads\/2020\/04\/cie-colegram-la-cie.jpg","datePublished":"2019-12-15T14:06:30+00:00","dateModified":"2025-02-04T17:40:16+00:00","description":"La Cie Col\u00e9gram, cr\u00e9\u00e9e en 2016, a \u00e9t\u00e9 pens\u00e9e par Tarek A\u00eft Meddour comme un outil de cr\u00e9ation et un vecteur de p\u00e9dagogie et de transmission.","breadcrumb":{"@id":"https:\/\/www.cie-colegram.com\/index.php\/la-compagnie\/#breadcrumb"},"inLanguage":"fr-FR","potentialAction":[{"@type":"ReadAction","target":["https:\/\/www.cie-colegram.com\/index.php\/la-compagnie\/"]}]},{"@type":"ImageObject","inLanguage":"fr-FR","@id":"https:\/\/www.cie-colegram.com\/index.php\/la-compagnie\/#primaryimage","url":"https:\/\/www.cie-colegram.com\/wp-content\/uploads\/2020\/04\/cie-colegram-la-cie.jpg","contentUrl":"https:\/\/www.cie-colegram.com\/wp-content\/uploads\/2020\/04\/cie-colegram-la-cie.jpg","width":2000,"height":1200,"caption":"Cie Col\u00e9gram - Photo \u00a9 Philippe Monpontet"},{"@type":"BreadcrumbList","@id":"https:\/\/www.cie-colegram.com\/index.php\/la-compagnie\/#breadcrumb","itemListElement":[{"@type":"ListItem","position":1,"name":"Accueil","item":"https:\/\/www.cie-colegram.com\/"},{"@type":"ListItem","position":2,"name":"LA COMPAGNIE"}]},{"@type":"WebSite","@id":"https:\/\/www.cie-colegram.com\/#website","url":"https:\/\/www.cie-colegram.com\/","name":"Cie Col\u00e9gram | Tarek A\u00eft Meddour","description":"","publisher":{"@id":"https:\/\/www.cie-colegram.com\/#organization"},"potentialAction":[{"@type":"SearchAction","target":{"@type":"EntryPoint","urlTemplate":"https:\/\/www.cie-colegram.com\/?s={search_term_string}"},"query-input":{"@type":"PropertyValueSpecification","valueRequired":true,"valueName":"search_term_string"}}],"inLanguage":"fr-FR"},{"@type":"Organization","@id":"https:\/\/www.cie-colegram.com\/#organization","name":"Cie Col\u00e9gram | Tarek A\u00eft Meddour","url":"https:\/\/www.cie-colegram.com\/","logo":{"@type":"ImageObject","inLanguage":"fr-FR","@id":"https:\/\/www.cie-colegram.com\/#\/schema\/logo\/image\/","url":"https:\/\/www.cie-colegram.com\/wp-content\/uploads\/2019\/12\/CLG_logo_NOIR.png","contentUrl":"https:\/\/www.cie-colegram.com\/wp-content\/uploads\/2019\/12\/CLG_logo_NOIR.png","width":1550,"height":2000,"caption":"Cie Col\u00e9gram | Tarek A\u00eft Meddour"},"image":{"@id":"https:\/\/www.cie-colegram.com\/#\/schema\/logo\/image\/"}}]}},"_links":{"self":[{"href":"https:\/\/www.cie-colegram.com\/index.php\/wp-json\/wp\/v2\/pages\/34","targetHints":{"allow":["GET"]}}],"collection":[{"href":"https:\/\/www.cie-colegram.com\/index.php\/wp-json\/wp\/v2\/pages"}],"about":[{"href":"https:\/\/www.cie-colegram.com\/index.php\/wp-json\/wp\/v2\/types\/page"}],"author":[{"embeddable":true,"href":"https:\/\/www.cie-colegram.com\/index.php\/wp-json\/wp\/v2\/users\/2"}],"replies":[{"embeddable":true,"href":"https:\/\/www.cie-colegram.com\/index.php\/wp-json\/wp\/v2\/comments?post=34"}],"version-history":[{"count":48,"href":"https:\/\/www.cie-colegram.com\/index.php\/wp-json\/wp\/v2\/pages\/34\/revisions"}],"predecessor-version":[{"id":2726,"href":"https:\/\/www.cie-colegram.com\/index.php\/wp-json\/wp\/v2\/pages\/34\/revisions\/2726"}],"wp:featuredmedia":[{"embeddable":true,"href":"https:\/\/www.cie-colegram.com\/index.php\/wp-json\/wp\/v2\/media\/2007"}],"wp:attachment":[{"href":"https:\/\/www.cie-colegram.com\/index.php\/wp-json\/wp\/v2\/media?parent=34"}],"curies":[{"name":"wp","href":"https:\/\/api.w.org\/{rel}","templated":true}]}}