{"id":2151,"date":"2021-03-29T18:24:21","date_gmt":"2021-03-29T16:24:21","guid":{"rendered":"https:\/\/www.cie-colegram.com\/?page_id=2151"},"modified":"2025-02-04T18:45:10","modified_gmt":"2025-02-04T17:45:10","slug":"ventisei","status":"publish","type":"page","link":"https:\/\/www.cie-colegram.com\/index.php\/ventisei\/","title":{"rendered":"VENTISEI"},"content":{"rendered":"\t\t<div data-elementor-type=\"wp-page\" data-elementor-id=\"2151\" class=\"elementor elementor-2151\">\n\t\t\t\t\t\t<section class=\"elementor-section elementor-top-section elementor-element elementor-element-6c81270 elementor-section-stretched elementor-section-boxed elementor-section-height-default elementor-section-height-default\" data-id=\"6c81270\" data-element_type=\"section\" data-e-type=\"section\" data-settings=\"{&quot;stretch_section&quot;:&quot;section-stretched&quot;}\">\n\t\t\t\t\t\t<div class=\"elementor-container elementor-column-gap-default\">\n\t\t\t\t\t<div class=\"elementor-column elementor-col-33 elementor-top-column elementor-element elementor-element-9389758\" data-id=\"9389758\" data-element_type=\"column\" data-e-type=\"column\">\n\t\t\t<div class=\"elementor-widget-wrap elementor-element-populated\">\n\t\t\t\t\t\t<div class=\"elementor-element elementor-element-5bfeb5d elementor-widget elementor-widget-image\" data-id=\"5bfeb5d\" data-element_type=\"widget\" data-e-type=\"widget\" data-widget_type=\"image.default\">\n\t\t\t\t<div class=\"elementor-widget-container\">\n\t\t\t\t\t\t\t\t\t\t\t\t\t\t\t<img fetchpriority=\"high\" decoding=\"async\" width=\"1414\" height=\"2000\" src=\"https:\/\/www.cie-colegram.com\/wp-content\/uploads\/2021\/03\/Cie-Colegram-VENTISEI-affiche-2021.jpg\" class=\"attachment-full size-full wp-image-2168\" alt=\"Cie Col\u00e9gram VENTISEI affiche 2021\" srcset=\"https:\/\/www.cie-colegram.com\/wp-content\/uploads\/2021\/03\/Cie-Colegram-VENTISEI-affiche-2021.jpg 1414w, https:\/\/www.cie-colegram.com\/wp-content\/uploads\/2021\/03\/Cie-Colegram-VENTISEI-affiche-2021-212x300.jpg 212w, https:\/\/www.cie-colegram.com\/wp-content\/uploads\/2021\/03\/Cie-Colegram-VENTISEI-affiche-2021-724x1024.jpg 724w, https:\/\/www.cie-colegram.com\/wp-content\/uploads\/2021\/03\/Cie-Colegram-VENTISEI-affiche-2021-768x1086.jpg 768w, https:\/\/www.cie-colegram.com\/wp-content\/uploads\/2021\/03\/Cie-Colegram-VENTISEI-affiche-2021-1086x1536.jpg 1086w\" sizes=\"(max-width: 1414px) 100vw, 1414px\" \/>\t\t\t\t\t\t\t\t\t\t\t\t\t\t\t<\/div>\n\t\t\t\t<\/div>\n\t\t\t\t\t<\/div>\n\t\t<\/div>\n\t\t\t\t<div class=\"elementor-column elementor-col-66 elementor-top-column elementor-element elementor-element-034995c\" data-id=\"034995c\" data-element_type=\"column\" data-e-type=\"column\">\n\t\t\t<div class=\"elementor-widget-wrap elementor-element-populated\">\n\t\t\t\t\t\t<div class=\"elementor-element elementor-element-b34cd80 elementor-widget elementor-widget-text-editor\" data-id=\"b34cd80\" data-element_type=\"widget\" data-e-type=\"widget\" data-widget_type=\"text-editor.default\">\n\t\t\t\t<div class=\"elementor-widget-container\">\n\t\t\t\t\t\t\t\t\t<div><p class=\"_04xlpA direction-ltr align-start para-style-body\"><span class=\"JsGRdQ\"><em>\u00ab\u00a0Quand le jour vacille, c\u2019est la nuit qui tombe\u00a0\u00bb &#8211;\u00a0<\/em><\/span><span class=\"JsGRdQ\">Fr\u00e9d\u00e9ric Dard<\/span><\/p><p class=\"_04xlpA direction-ltr align-start para-style-body\"><span class=\"JsGRdQ\">\u00c9touff\u00e9 par un monde \u00e0 l\u2019arr\u00eat, oscillant entre ombre et lumi\u00e8re, un corps d\u00e9sireux d\u2019aimer danse pour s\u2019\u00e9chapper.<\/span><\/p><p class=\"_04xlpA direction-ltr align-start para-style-body\"><span class=\"JsGRdQ\">Ventisei est un jeune homme esseul\u00e9, aux jambes cotonneuses, \u00e0 la gorge serr\u00e9e, aux gestes tant\u00f4t nerveux, tant\u00f4t abandonn\u00e9s.<\/span><\/p><p class=\"_04xlpA direction-ltr align-start para-style-body\"><span class=\"JsGRdQ\">Son \u00e9tat trahit un manque affectif et fait montre d\u2019un \u00e9quilibre instable.<\/span><\/p><p class=\"_04xlpA direction-ltr align-start para-style-body\"><span class=\"JsGRdQ\">Au c\u0153ur du cr\u00e9puscule, dans l\u2019espoir de retrouver le jour, Ventisei questionne l\u2019enfermement et interroge l\u2019amour.<\/span><\/p><\/div><div><strong>Dur\u00e9e :<\/strong>\u00a020 minutes<\/div>\t\t\t\t\t\t\t\t<\/div>\n\t\t\t\t<\/div>\n\t\t\t\t\t<\/div>\n\t\t<\/div>\n\t\t\t\t\t<\/div>\n\t\t<\/section>\n\t\t\t\t<section class=\"elementor-section elementor-top-section elementor-element elementor-element-e64f991 elementor-section-boxed elementor-section-height-default elementor-section-height-default\" data-id=\"e64f991\" data-element_type=\"section\" data-e-type=\"section\">\n\t\t\t\t\t\t<div class=\"elementor-container elementor-column-gap-default\">\n\t\t\t\t\t<div class=\"elementor-column elementor-col-100 elementor-top-column elementor-element elementor-element-1b8e7e2\" data-id=\"1b8e7e2\" data-element_type=\"column\" data-e-type=\"column\">\n\t\t\t<div class=\"elementor-widget-wrap elementor-element-populated\">\n\t\t\t\t\t\t<div class=\"elementor-element elementor-element-01b07a3 elementor-widget elementor-widget-spacer\" data-id=\"01b07a3\" data-element_type=\"widget\" data-e-type=\"widget\" data-widget_type=\"spacer.default\">\n\t\t\t\t<div class=\"elementor-widget-container\">\n\t\t\t\t\t\t\t<div class=\"elementor-spacer\">\n\t\t\t<div class=\"elementor-spacer-inner\"><\/div>\n\t\t<\/div>\n\t\t\t\t\t\t<\/div>\n\t\t\t\t<\/div>\n\t\t\t\t\t<\/div>\n\t\t<\/div>\n\t\t\t\t\t<\/div>\n\t\t<\/section>\n\t\t\t\t<section class=\"elementor-section elementor-top-section elementor-element elementor-element-94d371f elementor-section-stretched elementor-section-boxed elementor-section-height-default elementor-section-height-default\" data-id=\"94d371f\" data-element_type=\"section\" data-e-type=\"section\" data-settings=\"{&quot;stretch_section&quot;:&quot;section-stretched&quot;}\">\n\t\t\t\t\t\t<div class=\"elementor-container elementor-column-gap-default\">\n\t\t\t\t\t<div class=\"elementor-column elementor-col-100 elementor-top-column elementor-element elementor-element-5c79fba\" data-id=\"5c79fba\" data-element_type=\"column\" data-e-type=\"column\">\n\t\t\t<div class=\"elementor-widget-wrap elementor-element-populated\">\n\t\t\t\t\t\t<div class=\"elementor-element elementor-element-bf15629 elementor-widget elementor-widget-heading\" data-id=\"bf15629\" data-element_type=\"widget\" data-e-type=\"widget\" data-widget_type=\"heading.default\">\n\t\t\t\t<div class=\"elementor-widget-container\">\n\t\t\t\t\t<h2 class=\"elementor-heading-title elementor-size-medium\"><b>En cours de cr\u00e9ation<\/b><\/h2>\t\t\t\t<\/div>\n\t\t\t\t<\/div>\n\t\t\t\t\t<\/div>\n\t\t<\/div>\n\t\t\t\t\t<\/div>\n\t\t<\/section>\n\t\t\t\t<section class=\"elementor-section elementor-top-section elementor-element elementor-element-e240873 elementor-section-boxed elementor-section-height-default elementor-section-height-default\" data-id=\"e240873\" data-element_type=\"section\" data-e-type=\"section\">\n\t\t\t\t\t\t<div class=\"elementor-container elementor-column-gap-default\">\n\t\t\t\t\t<div class=\"elementor-column elementor-col-100 elementor-top-column elementor-element elementor-element-f9240e7\" data-id=\"f9240e7\" data-element_type=\"column\" data-e-type=\"column\">\n\t\t\t<div class=\"elementor-widget-wrap elementor-element-populated\">\n\t\t\t\t\t\t<div class=\"elementor-element elementor-element-fb9b982 elementor-widget elementor-widget-spacer\" data-id=\"fb9b982\" data-element_type=\"widget\" data-e-type=\"widget\" data-widget_type=\"spacer.default\">\n\t\t\t\t<div class=\"elementor-widget-container\">\n\t\t\t\t\t\t\t<div class=\"elementor-spacer\">\n\t\t\t<div class=\"elementor-spacer-inner\"><\/div>\n\t\t<\/div>\n\t\t\t\t\t\t<\/div>\n\t\t\t\t<\/div>\n\t\t\t\t\t<\/div>\n\t\t<\/div>\n\t\t\t\t\t<\/div>\n\t\t<\/section>\n\t\t\t\t<section class=\"elementor-section elementor-top-section elementor-element elementor-element-886727f elementor-section-stretched elementor-section-boxed elementor-section-height-default elementor-section-height-default\" data-id=\"886727f\" data-element_type=\"section\" data-e-type=\"section\" data-settings=\"{&quot;stretch_section&quot;:&quot;section-stretched&quot;}\">\n\t\t\t\t\t\t<div class=\"elementor-container elementor-column-gap-default\">\n\t\t\t\t\t<div class=\"elementor-column elementor-col-100 elementor-top-column elementor-element elementor-element-c4256af\" data-id=\"c4256af\" data-element_type=\"column\" data-e-type=\"column\">\n\t\t\t<div class=\"elementor-widget-wrap elementor-element-populated\">\n\t\t\t\t\t\t<div class=\"elementor-element elementor-element-44859c7 elementor-widget elementor-widget-video\" data-id=\"44859c7\" data-element_type=\"widget\" data-e-type=\"widget\" data-settings=\"{&quot;youtube_url&quot;:&quot;https:\\\/\\\/youtu.be\\\/MHoHbLWVsuY&quot;,&quot;video_type&quot;:&quot;youtube&quot;,&quot;controls&quot;:&quot;yes&quot;}\" data-widget_type=\"video.default\">\n\t\t\t\t<div class=\"elementor-widget-container\">\n\t\t\t\t\t\t\t<div class=\"elementor-wrapper elementor-open-inline\">\n\t\t\t<div class=\"elementor-video\"><\/div>\t\t<\/div>\n\t\t\t\t\t\t<\/div>\n\t\t\t\t<\/div>\n\t\t\t\t\t<\/div>\n\t\t<\/div>\n\t\t\t\t\t<\/div>\n\t\t<\/section>\n\t\t\t\t<section class=\"elementor-section elementor-top-section elementor-element elementor-element-6fdec63 elementor-section-boxed elementor-section-height-default elementor-section-height-default\" data-id=\"6fdec63\" data-element_type=\"section\" data-e-type=\"section\">\n\t\t\t\t\t\t<div class=\"elementor-container elementor-column-gap-default\">\n\t\t\t\t\t<div class=\"elementor-column elementor-col-100 elementor-top-column elementor-element elementor-element-babf7cc\" data-id=\"babf7cc\" data-element_type=\"column\" data-e-type=\"column\">\n\t\t\t<div class=\"elementor-widget-wrap elementor-element-populated\">\n\t\t\t\t\t\t<div class=\"elementor-element elementor-element-5ae6479 elementor-widget elementor-widget-spacer\" data-id=\"5ae6479\" data-element_type=\"widget\" data-e-type=\"widget\" data-widget_type=\"spacer.default\">\n\t\t\t\t<div class=\"elementor-widget-container\">\n\t\t\t\t\t\t\t<div class=\"elementor-spacer\">\n\t\t\t<div class=\"elementor-spacer-inner\"><\/div>\n\t\t<\/div>\n\t\t\t\t\t\t<\/div>\n\t\t\t\t<\/div>\n\t\t\t\t\t<\/div>\n\t\t<\/div>\n\t\t\t\t\t<\/div>\n\t\t<\/section>\n\t\t\t\t<section class=\"elementor-section elementor-top-section elementor-element elementor-element-edff0a0 elementor-section-stretched elementor-section-boxed elementor-section-height-default elementor-section-height-default\" data-id=\"edff0a0\" data-element_type=\"section\" data-e-type=\"section\" data-settings=\"{&quot;stretch_section&quot;:&quot;section-stretched&quot;}\">\n\t\t\t\t\t\t<div class=\"elementor-container elementor-column-gap-default\">\n\t\t\t\t\t<div class=\"elementor-column elementor-col-100 elementor-top-column elementor-element elementor-element-e60cc49\" data-id=\"e60cc49\" data-element_type=\"column\" data-e-type=\"column\">\n\t\t\t<div class=\"elementor-widget-wrap elementor-element-populated\">\n\t\t\t\t\t\t<div class=\"elementor-element elementor-element-18af1c9 elementor-widget elementor-widget-heading\" data-id=\"18af1c9\" data-element_type=\"widget\" data-e-type=\"widget\" data-widget_type=\"heading.default\">\n\t\t\t\t<div class=\"elementor-widget-container\">\n\t\t\t\t\t<h2 class=\"elementor-heading-title elementor-size-default\">Distribution<\/h2>\t\t\t\t<\/div>\n\t\t\t\t<\/div>\n\t\t\t\t\t<\/div>\n\t\t<\/div>\n\t\t\t\t\t<\/div>\n\t\t<\/section>\n\t\t\t\t<section class=\"elementor-section elementor-top-section elementor-element elementor-element-1940a73 elementor-section-stretched elementor-section-boxed elementor-section-height-default elementor-section-height-default\" data-id=\"1940a73\" data-element_type=\"section\" data-e-type=\"section\" data-settings=\"{&quot;stretch_section&quot;:&quot;section-stretched&quot;}\">\n\t\t\t\t\t\t<div class=\"elementor-container elementor-column-gap-default\">\n\t\t\t\t\t<div class=\"elementor-column elementor-col-100 elementor-top-column elementor-element elementor-element-b695302\" data-id=\"b695302\" data-element_type=\"column\" data-e-type=\"column\">\n\t\t\t<div class=\"elementor-widget-wrap elementor-element-populated\">\n\t\t\t\t\t\t<div class=\"elementor-element elementor-element-b93e8b4 elementor-widget elementor-widget-text-editor\" data-id=\"b93e8b4\" data-element_type=\"widget\" data-e-type=\"widget\" data-widget_type=\"text-editor.default\">\n\t\t\t\t<div class=\"elementor-widget-container\">\n\t\t\t\t\t\t\t\t\t<p><strong>Direction artistique :\u00a0<\/strong><span class=\"JsGRdQ\">Tarek A\u00eft Meddour,\u00a0<\/span><span class=\"JsGRdQ\">S\u00e9bastien Amblard<br \/><\/span><strong>Interpr\u00e8te :<\/strong>\u00a0Tarek A\u00eft Meddour<br \/><strong>Musique :<\/strong> <em>Core \u2018ngrato<\/em>, Enrico Caruso &#8211; <em>Le P\u00e9nitencier<\/em>, Johnny Hallyday &#8211; <em>Per un pugno di dollari<\/em>, Ennio Morricone<br \/><strong>Cr\u00e9ation lumi\u00e8res :\u00a0<\/strong>S\u00e9bastien Amblard<br \/><strong>Cr\u00e9ation costumes :\u00a0<\/strong>Tarek A\u00eft Meddour<br \/><strong>Production :\u00a0<\/strong>Compagnie Col\u00e9gram<em><br \/><\/em><\/p>\t\t\t\t\t\t\t\t<\/div>\n\t\t\t\t<\/div>\n\t\t\t\t\t<\/div>\n\t\t<\/div>\n\t\t\t\t\t<\/div>\n\t\t<\/section>\n\t\t\t\t<section class=\"elementor-section elementor-top-section elementor-element elementor-element-90f1eb9 elementor-section-boxed elementor-section-height-default elementor-section-height-default\" data-id=\"90f1eb9\" data-element_type=\"section\" data-e-type=\"section\">\n\t\t\t\t\t\t<div class=\"elementor-container elementor-column-gap-default\">\n\t\t\t\t\t<div class=\"elementor-column elementor-col-100 elementor-top-column elementor-element elementor-element-2db820e\" data-id=\"2db820e\" data-element_type=\"column\" data-e-type=\"column\">\n\t\t\t<div class=\"elementor-widget-wrap elementor-element-populated\">\n\t\t\t\t\t\t<div class=\"elementor-element elementor-element-1e1c540 elementor-widget elementor-widget-spacer\" data-id=\"1e1c540\" data-element_type=\"widget\" data-e-type=\"widget\" data-widget_type=\"spacer.default\">\n\t\t\t\t<div class=\"elementor-widget-container\">\n\t\t\t\t\t\t\t<div class=\"elementor-spacer\">\n\t\t\t<div class=\"elementor-spacer-inner\"><\/div>\n\t\t<\/div>\n\t\t\t\t\t\t<\/div>\n\t\t\t\t<\/div>\n\t\t\t\t\t<\/div>\n\t\t<\/div>\n\t\t\t\t\t<\/div>\n\t\t<\/section>\n\t\t\t\t<section class=\"elementor-section elementor-top-section elementor-element elementor-element-e3810ac elementor-section-stretched elementor-section-boxed elementor-section-height-default elementor-section-height-default\" data-id=\"e3810ac\" data-element_type=\"section\" data-e-type=\"section\" data-settings=\"{&quot;stretch_section&quot;:&quot;section-stretched&quot;}\">\n\t\t\t\t\t\t<div class=\"elementor-container elementor-column-gap-default\">\n\t\t\t\t\t<div class=\"elementor-column elementor-col-100 elementor-top-column elementor-element elementor-element-612e6f6\" data-id=\"612e6f6\" data-element_type=\"column\" data-e-type=\"column\">\n\t\t\t<div class=\"elementor-widget-wrap elementor-element-populated\">\n\t\t\t\t\t\t<div class=\"elementor-element elementor-element-4bbb52d elementor-widget elementor-widget-heading\" data-id=\"4bbb52d\" data-element_type=\"widget\" data-e-type=\"widget\" data-widget_type=\"heading.default\">\n\t\t\t\t<div class=\"elementor-widget-container\">\n\t\t\t\t\t<h2 class=\"elementor-heading-title elementor-size-default\">R\u00e9sidences<\/h2>\t\t\t\t<\/div>\n\t\t\t\t<\/div>\n\t\t\t\t<div class=\"elementor-element elementor-element-1598817 elementor-widget elementor-widget-text-editor\" data-id=\"1598817\" data-element_type=\"widget\" data-e-type=\"widget\" data-widget_type=\"text-editor.default\">\n\t\t\t\t<div class=\"elementor-widget-container\">\n\t\t\t\t\t\t\t\t\t<p>Conservatoire et Maison du Peuple de Pierrefitte-sur-Seine, Th\u00e9\u00e2tre Alexandre Dumas de Saint-Germain-en-Laye, Th\u00e9\u00e2tre du Minotaure de B\u00e9ziers<\/p>\t\t\t\t\t\t\t\t<\/div>\n\t\t\t\t<\/div>\n\t\t\t\t\t<\/div>\n\t\t<\/div>\n\t\t\t\t\t<\/div>\n\t\t<\/section>\n\t\t\t\t<\/div>\n\t\t","protected":false},"excerpt":{"rendered":"<p>\u00ab\u00a0Quand le jour vacille, c\u2019est la nuit qui tombe\u00a0\u00bb &#8211;\u00a0Fr\u00e9d\u00e9ric Dard \u00c9touff\u00e9 par un monde \u00e0 l\u2019arr\u00eat, oscillant entre ombre et lumi\u00e8re, un corps d\u00e9sireux d\u2019aimer danse pour s\u2019\u00e9chapper. Ventisei est un jeune homme esseul\u00e9, aux jambes cotonneuses, \u00e0 la gorge serr\u00e9e, aux gestes tant\u00f4t nerveux, tant\u00f4t abandonn\u00e9s. Son \u00e9tat trahit un manque affectif et&hellip;<\/p>\n","protected":false},"author":2,"featured_media":2153,"parent":0,"menu_order":0,"comment_status":"closed","ping_status":"closed","template":"","meta":{"_monsterinsights_skip_tracking":false,"_monsterinsights_sitenote_active":false,"_monsterinsights_sitenote_note":"","_monsterinsights_sitenote_category":0,"footnotes":""},"class_list":["post-2151","page","type-page","status-publish","has-post-thumbnail","hentry"],"yoast_head":"<!-- This site is optimized with the Yoast SEO plugin v24.5 - https:\/\/yoast.com\/wordpress\/plugins\/seo\/ -->\n<title>VENTISEI - Cie Col\u00e9gram | Tarek A\u00eft Meddour<\/title>\n<meta name=\"description\" content=\"\u201cTawam\u201d, cr\u00e9ation chor\u00e9graphique 2020 de Tarek A\u00eft Meddour, signifie &quot;Jumeaux&quot;. Ce duo est une rencontre qui parle d\u2019amour.\" \/>\n<meta name=\"robots\" content=\"index, follow, max-snippet:-1, max-image-preview:large, max-video-preview:-1\" \/>\n<link rel=\"canonical\" href=\"https:\/\/www.cie-colegram.com\/index.php\/ventisei\/\" \/>\n<meta property=\"og:locale\" content=\"fr_FR\" \/>\n<meta property=\"og:type\" content=\"article\" \/>\n<meta property=\"og:title\" content=\"VENTISEI - Cie Col\u00e9gram | Tarek A\u00eft Meddour\" \/>\n<meta property=\"og:description\" content=\"\u201cTawam\u201d, cr\u00e9ation chor\u00e9graphique 2020 de Tarek A\u00eft Meddour, signifie &quot;Jumeaux&quot;. Ce duo est une rencontre qui parle d\u2019amour.\" \/>\n<meta property=\"og:url\" content=\"https:\/\/www.cie-colegram.com\/index.php\/ventisei\/\" \/>\n<meta property=\"og:site_name\" content=\"Cie Col\u00e9gram | Tarek A\u00eft Meddour\" \/>\n<meta property=\"article:modified_time\" content=\"2025-02-04T17:45:10+00:00\" \/>\n<meta property=\"og:image\" content=\"https:\/\/www.cie-colegram.com\/wp-content\/uploads\/2021\/03\/cie-colegram-ventisei-2021.jpg\" \/>\n\t<meta property=\"og:image:width\" content=\"2000\" \/>\n\t<meta property=\"og:image:height\" content=\"1200\" \/>\n\t<meta property=\"og:image:type\" content=\"image\/jpeg\" \/>\n<meta name=\"twitter:card\" content=\"summary_large_image\" \/>\n<meta name=\"twitter:label1\" content=\"Dur\u00e9e de lecture estim\u00e9e\" \/>\n\t<meta name=\"twitter:data1\" content=\"1 minute\" \/>\n<script type=\"application\/ld+json\" class=\"yoast-schema-graph\">{\"@context\":\"https:\/\/schema.org\",\"@graph\":[{\"@type\":\"WebPage\",\"@id\":\"https:\/\/www.cie-colegram.com\/index.php\/ventisei\/\",\"url\":\"https:\/\/www.cie-colegram.com\/index.php\/ventisei\/\",\"name\":\"VENTISEI - Cie Col\u00e9gram | Tarek A\u00eft Meddour\",\"isPartOf\":{\"@id\":\"https:\/\/www.cie-colegram.com\/#website\"},\"primaryImageOfPage\":{\"@id\":\"https:\/\/www.cie-colegram.com\/index.php\/ventisei\/#primaryimage\"},\"image\":{\"@id\":\"https:\/\/www.cie-colegram.com\/index.php\/ventisei\/#primaryimage\"},\"thumbnailUrl\":\"https:\/\/www.cie-colegram.com\/wp-content\/uploads\/2021\/03\/cie-colegram-ventisei-2021.jpg\",\"datePublished\":\"2021-03-29T16:24:21+00:00\",\"dateModified\":\"2025-02-04T17:45:10+00:00\",\"description\":\"\u201cTawam\u201d, cr\u00e9ation chor\u00e9graphique 2020 de Tarek A\u00eft Meddour, signifie \\\"Jumeaux\\\". Ce duo est une rencontre qui parle d\u2019amour.\",\"breadcrumb\":{\"@id\":\"https:\/\/www.cie-colegram.com\/index.php\/ventisei\/#breadcrumb\"},\"inLanguage\":\"fr-FR\",\"potentialAction\":[{\"@type\":\"ReadAction\",\"target\":[\"https:\/\/www.cie-colegram.com\/index.php\/ventisei\/\"]}]},{\"@type\":\"ImageObject\",\"inLanguage\":\"fr-FR\",\"@id\":\"https:\/\/www.cie-colegram.com\/index.php\/ventisei\/#primaryimage\",\"url\":\"https:\/\/www.cie-colegram.com\/wp-content\/uploads\/2021\/03\/cie-colegram-ventisei-2021.jpg\",\"contentUrl\":\"https:\/\/www.cie-colegram.com\/wp-content\/uploads\/2021\/03\/cie-colegram-ventisei-2021.jpg\",\"width\":2000,\"height\":1200,\"caption\":\"Cie Col\u00e9gram, \\\"VENTISEI\\\" - Photo \u00a9 S\u00e9bastien Amblard\"},{\"@type\":\"BreadcrumbList\",\"@id\":\"https:\/\/www.cie-colegram.com\/index.php\/ventisei\/#breadcrumb\",\"itemListElement\":[{\"@type\":\"ListItem\",\"position\":1,\"name\":\"Accueil\",\"item\":\"https:\/\/www.cie-colegram.com\/\"},{\"@type\":\"ListItem\",\"position\":2,\"name\":\"VENTISEI\"}]},{\"@type\":\"WebSite\",\"@id\":\"https:\/\/www.cie-colegram.com\/#website\",\"url\":\"https:\/\/www.cie-colegram.com\/\",\"name\":\"Cie Col\u00e9gram | Tarek A\u00eft Meddour\",\"description\":\"\",\"publisher\":{\"@id\":\"https:\/\/www.cie-colegram.com\/#organization\"},\"potentialAction\":[{\"@type\":\"SearchAction\",\"target\":{\"@type\":\"EntryPoint\",\"urlTemplate\":\"https:\/\/www.cie-colegram.com\/?s={search_term_string}\"},\"query-input\":{\"@type\":\"PropertyValueSpecification\",\"valueRequired\":true,\"valueName\":\"search_term_string\"}}],\"inLanguage\":\"fr-FR\"},{\"@type\":\"Organization\",\"@id\":\"https:\/\/www.cie-colegram.com\/#organization\",\"name\":\"Cie Col\u00e9gram | Tarek A\u00eft Meddour\",\"url\":\"https:\/\/www.cie-colegram.com\/\",\"logo\":{\"@type\":\"ImageObject\",\"inLanguage\":\"fr-FR\",\"@id\":\"https:\/\/www.cie-colegram.com\/#\/schema\/logo\/image\/\",\"url\":\"https:\/\/www.cie-colegram.com\/wp-content\/uploads\/2019\/12\/CLG_logo_NOIR.png\",\"contentUrl\":\"https:\/\/www.cie-colegram.com\/wp-content\/uploads\/2019\/12\/CLG_logo_NOIR.png\",\"width\":1550,\"height\":2000,\"caption\":\"Cie Col\u00e9gram | Tarek A\u00eft Meddour\"},\"image\":{\"@id\":\"https:\/\/www.cie-colegram.com\/#\/schema\/logo\/image\/\"}}]}<\/script>\n<!-- \/ Yoast SEO plugin. -->","yoast_head_json":{"title":"VENTISEI - Cie Col\u00e9gram | Tarek A\u00eft Meddour","description":"\u201cTawam\u201d, cr\u00e9ation chor\u00e9graphique 2020 de Tarek A\u00eft Meddour, signifie \"Jumeaux\". Ce duo est une rencontre qui parle d\u2019amour.","robots":{"index":"index","follow":"follow","max-snippet":"max-snippet:-1","max-image-preview":"max-image-preview:large","max-video-preview":"max-video-preview:-1"},"canonical":"https:\/\/www.cie-colegram.com\/index.php\/ventisei\/","og_locale":"fr_FR","og_type":"article","og_title":"VENTISEI - Cie Col\u00e9gram | Tarek A\u00eft Meddour","og_description":"\u201cTawam\u201d, cr\u00e9ation chor\u00e9graphique 2020 de Tarek A\u00eft Meddour, signifie \"Jumeaux\". Ce duo est une rencontre qui parle d\u2019amour.","og_url":"https:\/\/www.cie-colegram.com\/index.php\/ventisei\/","og_site_name":"Cie Col\u00e9gram | Tarek A\u00eft Meddour","article_modified_time":"2025-02-04T17:45:10+00:00","og_image":[{"width":2000,"height":1200,"url":"https:\/\/www.cie-colegram.com\/wp-content\/uploads\/2021\/03\/cie-colegram-ventisei-2021.jpg","type":"image\/jpeg"}],"twitter_card":"summary_large_image","twitter_misc":{"Dur\u00e9e de lecture estim\u00e9e":"1 minute"},"schema":{"@context":"https:\/\/schema.org","@graph":[{"@type":"WebPage","@id":"https:\/\/www.cie-colegram.com\/index.php\/ventisei\/","url":"https:\/\/www.cie-colegram.com\/index.php\/ventisei\/","name":"VENTISEI - Cie Col\u00e9gram | Tarek A\u00eft Meddour","isPartOf":{"@id":"https:\/\/www.cie-colegram.com\/#website"},"primaryImageOfPage":{"@id":"https:\/\/www.cie-colegram.com\/index.php\/ventisei\/#primaryimage"},"image":{"@id":"https:\/\/www.cie-colegram.com\/index.php\/ventisei\/#primaryimage"},"thumbnailUrl":"https:\/\/www.cie-colegram.com\/wp-content\/uploads\/2021\/03\/cie-colegram-ventisei-2021.jpg","datePublished":"2021-03-29T16:24:21+00:00","dateModified":"2025-02-04T17:45:10+00:00","description":"\u201cTawam\u201d, cr\u00e9ation chor\u00e9graphique 2020 de Tarek A\u00eft Meddour, signifie \"Jumeaux\". Ce duo est une rencontre qui parle d\u2019amour.","breadcrumb":{"@id":"https:\/\/www.cie-colegram.com\/index.php\/ventisei\/#breadcrumb"},"inLanguage":"fr-FR","potentialAction":[{"@type":"ReadAction","target":["https:\/\/www.cie-colegram.com\/index.php\/ventisei\/"]}]},{"@type":"ImageObject","inLanguage":"fr-FR","@id":"https:\/\/www.cie-colegram.com\/index.php\/ventisei\/#primaryimage","url":"https:\/\/www.cie-colegram.com\/wp-content\/uploads\/2021\/03\/cie-colegram-ventisei-2021.jpg","contentUrl":"https:\/\/www.cie-colegram.com\/wp-content\/uploads\/2021\/03\/cie-colegram-ventisei-2021.jpg","width":2000,"height":1200,"caption":"Cie Col\u00e9gram, \"VENTISEI\" - Photo \u00a9 S\u00e9bastien Amblard"},{"@type":"BreadcrumbList","@id":"https:\/\/www.cie-colegram.com\/index.php\/ventisei\/#breadcrumb","itemListElement":[{"@type":"ListItem","position":1,"name":"Accueil","item":"https:\/\/www.cie-colegram.com\/"},{"@type":"ListItem","position":2,"name":"VENTISEI"}]},{"@type":"WebSite","@id":"https:\/\/www.cie-colegram.com\/#website","url":"https:\/\/www.cie-colegram.com\/","name":"Cie Col\u00e9gram | Tarek A\u00eft Meddour","description":"","publisher":{"@id":"https:\/\/www.cie-colegram.com\/#organization"},"potentialAction":[{"@type":"SearchAction","target":{"@type":"EntryPoint","urlTemplate":"https:\/\/www.cie-colegram.com\/?s={search_term_string}"},"query-input":{"@type":"PropertyValueSpecification","valueRequired":true,"valueName":"search_term_string"}}],"inLanguage":"fr-FR"},{"@type":"Organization","@id":"https:\/\/www.cie-colegram.com\/#organization","name":"Cie Col\u00e9gram | Tarek A\u00eft Meddour","url":"https:\/\/www.cie-colegram.com\/","logo":{"@type":"ImageObject","inLanguage":"fr-FR","@id":"https:\/\/www.cie-colegram.com\/#\/schema\/logo\/image\/","url":"https:\/\/www.cie-colegram.com\/wp-content\/uploads\/2019\/12\/CLG_logo_NOIR.png","contentUrl":"https:\/\/www.cie-colegram.com\/wp-content\/uploads\/2019\/12\/CLG_logo_NOIR.png","width":1550,"height":2000,"caption":"Cie Col\u00e9gram | Tarek A\u00eft Meddour"},"image":{"@id":"https:\/\/www.cie-colegram.com\/#\/schema\/logo\/image\/"}}]}},"_links":{"self":[{"href":"https:\/\/www.cie-colegram.com\/index.php\/wp-json\/wp\/v2\/pages\/2151","targetHints":{"allow":["GET"]}}],"collection":[{"href":"https:\/\/www.cie-colegram.com\/index.php\/wp-json\/wp\/v2\/pages"}],"about":[{"href":"https:\/\/www.cie-colegram.com\/index.php\/wp-json\/wp\/v2\/types\/page"}],"author":[{"embeddable":true,"href":"https:\/\/www.cie-colegram.com\/index.php\/wp-json\/wp\/v2\/users\/2"}],"replies":[{"embeddable":true,"href":"https:\/\/www.cie-colegram.com\/index.php\/wp-json\/wp\/v2\/comments?post=2151"}],"version-history":[{"count":52,"href":"https:\/\/www.cie-colegram.com\/index.php\/wp-json\/wp\/v2\/pages\/2151\/revisions"}],"predecessor-version":[{"id":2732,"href":"https:\/\/www.cie-colegram.com\/index.php\/wp-json\/wp\/v2\/pages\/2151\/revisions\/2732"}],"wp:featuredmedia":[{"embeddable":true,"href":"https:\/\/www.cie-colegram.com\/index.php\/wp-json\/wp\/v2\/media\/2153"}],"wp:attachment":[{"href":"https:\/\/www.cie-colegram.com\/index.php\/wp-json\/wp\/v2\/media?parent=2151"}],"curies":[{"name":"wp","href":"https:\/\/api.w.org\/{rel}","templated":true}]}}