{"id":2097,"date":"2020-10-01T14:25:54","date_gmt":"2020-10-01T12:25:54","guid":{"rendered":"https:\/\/www.cie-colegram.com\/?page_id=2097"},"modified":"2020-10-01T14:29:02","modified_gmt":"2020-10-01T12:29:02","slug":"the-company","status":"publish","type":"page","link":"https:\/\/www.cie-colegram.com\/index.php\/en\/the-company\/","title":{"rendered":"THE COMPANY"},"content":{"rendered":"\t\t<div data-elementor-type=\"wp-page\" data-elementor-id=\"2097\" class=\"elementor elementor-2097\">\n\t\t\t\t\t\t<section class=\"elementor-section elementor-top-section elementor-element elementor-element-57052ac4 elementor-section-stretched elementor-section-boxed elementor-section-height-default elementor-section-height-default\" data-id=\"57052ac4\" data-element_type=\"section\" data-e-type=\"section\" data-settings=\"{&quot;stretch_section&quot;:&quot;section-stretched&quot;}\">\n\t\t\t\t\t\t<div class=\"elementor-container elementor-column-gap-default\">\n\t\t\t\t\t<div class=\"elementor-column elementor-col-100 elementor-top-column elementor-element elementor-element-3bf4fc2\" data-id=\"3bf4fc2\" data-element_type=\"column\" data-e-type=\"column\">\n\t\t\t<div class=\"elementor-widget-wrap elementor-element-populated\">\n\t\t\t\t\t\t<div class=\"elementor-element elementor-element-7561edce elementor-widget elementor-widget-text-editor\" data-id=\"7561edce\" data-element_type=\"widget\" data-e-type=\"widget\" data-widget_type=\"text-editor.default\">\n\t\t\t\t<div class=\"elementor-widget-container\">\n\t\t\t\t\t\t\t\t\t<p><\/p><p><strong>The Colegram company<\/strong>\u00a0cr\u00e9\u00e9e en 2016, a \u00e9t\u00e9 pens\u00e9e par\u00a0<a href=\"https:\/\/www.cie-colegram.com\/index.php\/tarek-ait-meddour\/\">Tarek A\u00eft Meddour<\/a>\u00a0\u00e0 la fois comme un\u00a0<strong>outil de cr\u00e9ation<\/strong>\u00a0mais \u00e9galement comme un\u00a0<strong>vecteur de p\u00e9dagogie et de partage<\/strong>\u00a0de sa recherche.<\/p><p>Nourrie des disciplines acad\u00e9miques mais \u00e9galement d\u2019influences urbaines, la compagnie d\u00e9veloppe une danse contemporaine hybride,\u00a0\u00e9motionnelle et engag\u00e9e.<\/p><p><\/p><p><\/p><p>Ses actions &#8211; stages, ateliers, performances &#8211; touchent tous les publics.\u00a0Depuis la cr\u00e9ation de Col\u00e9gram, des <a href=\"https:\/\/www.cie-colegram.com\/index.php\/mediation\/\">mediation projects<\/a> ont \u00e9t\u00e9 d\u00e9velopp\u00e9s aupr\u00e8s d\u2019EHPAD, d\u2019un centre de r\u00e9fugi\u00e9s, et aupr\u00e8s de personnes\u00a0en situation de handicap psychique et\/ou mental.<\/p><p><\/p><p><\/p><p>Par ailleurs, la compagnie compte \u00e0 son r\u00e9pertoire <em><a href=\"https:\/\/www.cie-colegram.com\/index.php\/resister\/\">R\u00e9sister<\/a><\/em>, <em><a href=\"https:\/\/www.cie-colegram.com\/index.php\/tawam\/\">Tawam<\/a><\/em>,\u00a0ainsi que <a href=\"https:\/\/www.cie-colegram.com\/index.php\/le-bal\/\"><em>Le Bal<\/em><\/a>,\u00a0vid\u00e9o-danse prochainement adapt\u00e9e pour la sc\u00e8ne.<\/p><p><\/p>\t\t\t\t\t\t\t\t<\/div>\n\t\t\t\t<\/div>\n\t\t\t\t\t<\/div>\n\t\t<\/div>\n\t\t\t\t\t<\/div>\n\t\t<\/section>\n\t\t\t\t<section class=\"elementor-section elementor-top-section elementor-element elementor-element-c9b1f02 elementor-section-boxed elementor-section-height-default elementor-section-height-default\" data-id=\"c9b1f02\" data-element_type=\"section\" data-e-type=\"section\">\n\t\t\t\t\t\t<div class=\"elementor-container elementor-column-gap-default\">\n\t\t\t\t\t<div class=\"elementor-column elementor-col-100 elementor-top-column elementor-element elementor-element-89b541d\" data-id=\"89b541d\" data-element_type=\"column\" data-e-type=\"column\">\n\t\t\t<div class=\"elementor-widget-wrap elementor-element-populated\">\n\t\t\t\t\t\t<div class=\"elementor-element elementor-element-b7a3497 elementor-widget elementor-widget-spacer\" data-id=\"b7a3497\" data-element_type=\"widget\" data-e-type=\"widget\" data-widget_type=\"spacer.default\">\n\t\t\t\t<div class=\"elementor-widget-container\">\n\t\t\t\t\t\t\t<div class=\"elementor-spacer\">\n\t\t\t<div class=\"elementor-spacer-inner\"><\/div>\n\t\t<\/div>\n\t\t\t\t\t\t<\/div>\n\t\t\t\t<\/div>\n\t\t\t\t\t<\/div>\n\t\t<\/div>\n\t\t\t\t\t<\/div>\n\t\t<\/section>\n\t\t\t\t<\/div>\n\t\t","protected":false},"excerpt":{"rendered":"<p>The Colegram company\u00a0cr\u00e9\u00e9e en 2016, a \u00e9t\u00e9 pens\u00e9e par\u00a0Tarek A\u00eft Meddour\u00a0\u00e0 la fois comme un\u00a0outil de cr\u00e9ation\u00a0mais \u00e9galement comme un\u00a0vecteur de p\u00e9dagogie et de partage\u00a0de sa recherche. Nourrie des disciplines acad\u00e9miques mais \u00e9galement d\u2019influences urbaines, la compagnie d\u00e9veloppe une danse contemporaine hybride,\u00a0\u00e9motionnelle et engag\u00e9e. Ses actions &#8211; stages, ateliers, performances &#8211; touchent tous les publics.\u00a0Depuis&hellip;<\/p>\n","protected":false},"author":2,"featured_media":2007,"parent":0,"menu_order":0,"comment_status":"closed","ping_status":"closed","template":"","meta":{"_monsterinsights_skip_tracking":false,"_monsterinsights_sitenote_active":false,"_monsterinsights_sitenote_note":"","_monsterinsights_sitenote_category":0,"footnotes":""},"class_list":["post-2097","page","type-page","status-publish","has-post-thumbnail","hentry"],"yoast_head":"<!-- This site is optimized with the Yoast SEO plugin v24.5 - https:\/\/yoast.com\/wordpress\/plugins\/seo\/ -->\n<title>THE COMPANY - Cie Col\u00e9gram | Tarek A\u00eft Meddour<\/title>\n<meta name=\"description\" content=\"La Cie Col\u00e9gram, cr\u00e9\u00e9e en 2016, a \u00e9t\u00e9 pens\u00e9e par Tarek A\u00eft Meddour comme un outil de cr\u00e9ation et un vecteur de p\u00e9dagogie et de transmission.\" \/>\n<meta name=\"robots\" content=\"index, follow, max-snippet:-1, max-image-preview:large, max-video-preview:-1\" \/>\n<link rel=\"canonical\" href=\"https:\/\/www.cie-colegram.com\/index.php\/en\/the-company\/\" \/>\n<meta property=\"og:locale\" content=\"fr_FR\" \/>\n<meta property=\"og:type\" content=\"article\" \/>\n<meta property=\"og:title\" content=\"THE COMPANY - Cie Col\u00e9gram | Tarek A\u00eft Meddour\" \/>\n<meta property=\"og:description\" content=\"La Cie Col\u00e9gram, cr\u00e9\u00e9e en 2016, a \u00e9t\u00e9 pens\u00e9e par Tarek A\u00eft Meddour comme un outil de cr\u00e9ation et un vecteur de p\u00e9dagogie et de transmission.\" \/>\n<meta property=\"og:url\" content=\"https:\/\/www.cie-colegram.com\/index.php\/en\/the-company\/\" \/>\n<meta property=\"og:site_name\" content=\"Cie Col\u00e9gram | Tarek A\u00eft Meddour\" \/>\n<meta property=\"article:modified_time\" content=\"2020-10-01T12:29:02+00:00\" \/>\n<meta property=\"og:image\" content=\"https:\/\/www.cie-colegram.com\/wp-content\/uploads\/2020\/04\/cie-colegram-la-cie.jpg\" \/>\n\t<meta property=\"og:image:width\" content=\"2000\" \/>\n\t<meta property=\"og:image:height\" content=\"1200\" \/>\n\t<meta property=\"og:image:type\" content=\"image\/jpeg\" \/>\n<meta name=\"twitter:card\" content=\"summary_large_image\" \/>\n<meta name=\"twitter:label1\" content=\"Dur\u00e9e de lecture estim\u00e9e\" \/>\n\t<meta name=\"twitter:data1\" content=\"1 minute\" \/>\n<script type=\"application\/ld+json\" class=\"yoast-schema-graph\">{\"@context\":\"https:\/\/schema.org\",\"@graph\":[{\"@type\":\"WebPage\",\"@id\":\"https:\/\/www.cie-colegram.com\/index.php\/en\/the-company\/\",\"url\":\"https:\/\/www.cie-colegram.com\/index.php\/en\/the-company\/\",\"name\":\"THE COMPANY - Cie Col\u00e9gram | Tarek A\u00eft Meddour\",\"isPartOf\":{\"@id\":\"https:\/\/www.cie-colegram.com\/#website\"},\"primaryImageOfPage\":{\"@id\":\"https:\/\/www.cie-colegram.com\/index.php\/en\/the-company\/#primaryimage\"},\"image\":{\"@id\":\"https:\/\/www.cie-colegram.com\/index.php\/en\/the-company\/#primaryimage\"},\"thumbnailUrl\":\"https:\/\/www.cie-colegram.com\/wp-content\/uploads\/2020\/04\/cie-colegram-la-cie.jpg\",\"datePublished\":\"2020-10-01T12:25:54+00:00\",\"dateModified\":\"2020-10-01T12:29:02+00:00\",\"description\":\"La Cie Col\u00e9gram, cr\u00e9\u00e9e en 2016, a \u00e9t\u00e9 pens\u00e9e par Tarek A\u00eft Meddour comme un outil de cr\u00e9ation et un vecteur de p\u00e9dagogie et de transmission.\",\"breadcrumb\":{\"@id\":\"https:\/\/www.cie-colegram.com\/index.php\/en\/the-company\/#breadcrumb\"},\"inLanguage\":\"fr-FR\",\"potentialAction\":[{\"@type\":\"ReadAction\",\"target\":[\"https:\/\/www.cie-colegram.com\/index.php\/en\/the-company\/\"]}]},{\"@type\":\"ImageObject\",\"inLanguage\":\"fr-FR\",\"@id\":\"https:\/\/www.cie-colegram.com\/index.php\/en\/the-company\/#primaryimage\",\"url\":\"https:\/\/www.cie-colegram.com\/wp-content\/uploads\/2020\/04\/cie-colegram-la-cie.jpg\",\"contentUrl\":\"https:\/\/www.cie-colegram.com\/wp-content\/uploads\/2020\/04\/cie-colegram-la-cie.jpg\",\"width\":2000,\"height\":1200,\"caption\":\"Cie Col\u00e9gram - Photo \u00a9 Philippe Monpontet\"},{\"@type\":\"BreadcrumbList\",\"@id\":\"https:\/\/www.cie-colegram.com\/index.php\/en\/the-company\/#breadcrumb\",\"itemListElement\":[{\"@type\":\"ListItem\",\"position\":1,\"name\":\"Accueil\",\"item\":\"https:\/\/www.cie-colegram.com\/\"},{\"@type\":\"ListItem\",\"position\":2,\"name\":\"THE COMPANY\"}]},{\"@type\":\"WebSite\",\"@id\":\"https:\/\/www.cie-colegram.com\/#website\",\"url\":\"https:\/\/www.cie-colegram.com\/\",\"name\":\"Cie Col\u00e9gram | Tarek A\u00eft Meddour\",\"description\":\"\",\"publisher\":{\"@id\":\"https:\/\/www.cie-colegram.com\/#organization\"},\"potentialAction\":[{\"@type\":\"SearchAction\",\"target\":{\"@type\":\"EntryPoint\",\"urlTemplate\":\"https:\/\/www.cie-colegram.com\/?s={search_term_string}\"},\"query-input\":{\"@type\":\"PropertyValueSpecification\",\"valueRequired\":true,\"valueName\":\"search_term_string\"}}],\"inLanguage\":\"fr-FR\"},{\"@type\":\"Organization\",\"@id\":\"https:\/\/www.cie-colegram.com\/#organization\",\"name\":\"Cie Col\u00e9gram | Tarek A\u00eft Meddour\",\"url\":\"https:\/\/www.cie-colegram.com\/\",\"logo\":{\"@type\":\"ImageObject\",\"inLanguage\":\"fr-FR\",\"@id\":\"https:\/\/www.cie-colegram.com\/#\/schema\/logo\/image\/\",\"url\":\"https:\/\/www.cie-colegram.com\/wp-content\/uploads\/2019\/12\/CLG_logo_NOIR.png\",\"contentUrl\":\"https:\/\/www.cie-colegram.com\/wp-content\/uploads\/2019\/12\/CLG_logo_NOIR.png\",\"width\":1550,\"height\":2000,\"caption\":\"Cie Col\u00e9gram | Tarek A\u00eft Meddour\"},\"image\":{\"@id\":\"https:\/\/www.cie-colegram.com\/#\/schema\/logo\/image\/\"}}]}<\/script>\n<!-- \/ Yoast SEO plugin. -->","yoast_head_json":{"title":"THE COMPANY - Cie Col\u00e9gram | Tarek A\u00eft Meddour","description":"La Cie Col\u00e9gram, cr\u00e9\u00e9e en 2016, a \u00e9t\u00e9 pens\u00e9e par Tarek A\u00eft Meddour comme un outil de cr\u00e9ation et un vecteur de p\u00e9dagogie et de transmission.","robots":{"index":"index","follow":"follow","max-snippet":"max-snippet:-1","max-image-preview":"max-image-preview:large","max-video-preview":"max-video-preview:-1"},"canonical":"https:\/\/www.cie-colegram.com\/index.php\/en\/the-company\/","og_locale":"fr_FR","og_type":"article","og_title":"THE COMPANY - Cie Col\u00e9gram | Tarek A\u00eft Meddour","og_description":"La Cie Col\u00e9gram, cr\u00e9\u00e9e en 2016, a \u00e9t\u00e9 pens\u00e9e par Tarek A\u00eft Meddour comme un outil de cr\u00e9ation et un vecteur de p\u00e9dagogie et de transmission.","og_url":"https:\/\/www.cie-colegram.com\/index.php\/en\/the-company\/","og_site_name":"Cie Col\u00e9gram | Tarek A\u00eft Meddour","article_modified_time":"2020-10-01T12:29:02+00:00","og_image":[{"width":2000,"height":1200,"url":"https:\/\/www.cie-colegram.com\/wp-content\/uploads\/2020\/04\/cie-colegram-la-cie.jpg","type":"image\/jpeg"}],"twitter_card":"summary_large_image","twitter_misc":{"Dur\u00e9e de lecture estim\u00e9e":"1 minute"},"schema":{"@context":"https:\/\/schema.org","@graph":[{"@type":"WebPage","@id":"https:\/\/www.cie-colegram.com\/index.php\/en\/the-company\/","url":"https:\/\/www.cie-colegram.com\/index.php\/en\/the-company\/","name":"THE COMPANY - Cie Col\u00e9gram | Tarek A\u00eft Meddour","isPartOf":{"@id":"https:\/\/www.cie-colegram.com\/#website"},"primaryImageOfPage":{"@id":"https:\/\/www.cie-colegram.com\/index.php\/en\/the-company\/#primaryimage"},"image":{"@id":"https:\/\/www.cie-colegram.com\/index.php\/en\/the-company\/#primaryimage"},"thumbnailUrl":"https:\/\/www.cie-colegram.com\/wp-content\/uploads\/2020\/04\/cie-colegram-la-cie.jpg","datePublished":"2020-10-01T12:25:54+00:00","dateModified":"2020-10-01T12:29:02+00:00","description":"La Cie Col\u00e9gram, cr\u00e9\u00e9e en 2016, a \u00e9t\u00e9 pens\u00e9e par Tarek A\u00eft Meddour comme un outil de cr\u00e9ation et un vecteur de p\u00e9dagogie et de transmission.","breadcrumb":{"@id":"https:\/\/www.cie-colegram.com\/index.php\/en\/the-company\/#breadcrumb"},"inLanguage":"fr-FR","potentialAction":[{"@type":"ReadAction","target":["https:\/\/www.cie-colegram.com\/index.php\/en\/the-company\/"]}]},{"@type":"ImageObject","inLanguage":"fr-FR","@id":"https:\/\/www.cie-colegram.com\/index.php\/en\/the-company\/#primaryimage","url":"https:\/\/www.cie-colegram.com\/wp-content\/uploads\/2020\/04\/cie-colegram-la-cie.jpg","contentUrl":"https:\/\/www.cie-colegram.com\/wp-content\/uploads\/2020\/04\/cie-colegram-la-cie.jpg","width":2000,"height":1200,"caption":"Cie Col\u00e9gram - Photo \u00a9 Philippe Monpontet"},{"@type":"BreadcrumbList","@id":"https:\/\/www.cie-colegram.com\/index.php\/en\/the-company\/#breadcrumb","itemListElement":[{"@type":"ListItem","position":1,"name":"Accueil","item":"https:\/\/www.cie-colegram.com\/"},{"@type":"ListItem","position":2,"name":"THE COMPANY"}]},{"@type":"WebSite","@id":"https:\/\/www.cie-colegram.com\/#website","url":"https:\/\/www.cie-colegram.com\/","name":"Cie Col\u00e9gram | Tarek A\u00eft Meddour","description":"","publisher":{"@id":"https:\/\/www.cie-colegram.com\/#organization"},"potentialAction":[{"@type":"SearchAction","target":{"@type":"EntryPoint","urlTemplate":"https:\/\/www.cie-colegram.com\/?s={search_term_string}"},"query-input":{"@type":"PropertyValueSpecification","valueRequired":true,"valueName":"search_term_string"}}],"inLanguage":"fr-FR"},{"@type":"Organization","@id":"https:\/\/www.cie-colegram.com\/#organization","name":"Cie Col\u00e9gram | Tarek A\u00eft Meddour","url":"https:\/\/www.cie-colegram.com\/","logo":{"@type":"ImageObject","inLanguage":"fr-FR","@id":"https:\/\/www.cie-colegram.com\/#\/schema\/logo\/image\/","url":"https:\/\/www.cie-colegram.com\/wp-content\/uploads\/2019\/12\/CLG_logo_NOIR.png","contentUrl":"https:\/\/www.cie-colegram.com\/wp-content\/uploads\/2019\/12\/CLG_logo_NOIR.png","width":1550,"height":2000,"caption":"Cie Col\u00e9gram | Tarek A\u00eft Meddour"},"image":{"@id":"https:\/\/www.cie-colegram.com\/#\/schema\/logo\/image\/"}}]}},"_links":{"self":[{"href":"https:\/\/www.cie-colegram.com\/index.php\/wp-json\/wp\/v2\/pages\/2097","targetHints":{"allow":["GET"]}}],"collection":[{"href":"https:\/\/www.cie-colegram.com\/index.php\/wp-json\/wp\/v2\/pages"}],"about":[{"href":"https:\/\/www.cie-colegram.com\/index.php\/wp-json\/wp\/v2\/types\/page"}],"author":[{"embeddable":true,"href":"https:\/\/www.cie-colegram.com\/index.php\/wp-json\/wp\/v2\/users\/2"}],"replies":[{"embeddable":true,"href":"https:\/\/www.cie-colegram.com\/index.php\/wp-json\/wp\/v2\/comments?post=2097"}],"version-history":[{"count":2,"href":"https:\/\/www.cie-colegram.com\/index.php\/wp-json\/wp\/v2\/pages\/2097\/revisions"}],"predecessor-version":[{"id":2099,"href":"https:\/\/www.cie-colegram.com\/index.php\/wp-json\/wp\/v2\/pages\/2097\/revisions\/2099"}],"wp:featuredmedia":[{"embeddable":true,"href":"https:\/\/www.cie-colegram.com\/index.php\/wp-json\/wp\/v2\/media\/2007"}],"wp:attachment":[{"href":"https:\/\/www.cie-colegram.com\/index.php\/wp-json\/wp\/v2\/media?parent=2097"}],"curies":[{"name":"wp","href":"https:\/\/api.w.org\/{rel}","templated":true}]}}