{"id":1492,"date":"2020-01-20T01:29:54","date_gmt":"2020-01-20T00:29:54","guid":{"rendered":"https:\/\/www.cie-colegram.com\/?page_id=1492"},"modified":"2025-02-04T18:36:38","modified_gmt":"2025-02-04T17:36:38","slug":"mentions-legales","status":"publish","type":"page","link":"https:\/\/www.cie-colegram.com\/index.php\/mentions-legales\/","title":{"rendered":"MENTIONS L\u00c9GALES"},"content":{"rendered":"\t\t<div data-elementor-type=\"wp-page\" data-elementor-id=\"1492\" class=\"elementor elementor-1492\">\n\t\t\t\t\t\t<section class=\"elementor-section elementor-top-section elementor-element elementor-element-427ebcb elementor-section-boxed elementor-section-height-default elementor-section-height-default\" data-id=\"427ebcb\" data-element_type=\"section\" data-e-type=\"section\">\n\t\t\t\t\t\t<div class=\"elementor-container elementor-column-gap-default\">\n\t\t\t\t\t<div class=\"elementor-column elementor-col-100 elementor-top-column elementor-element elementor-element-b23a95b\" data-id=\"b23a95b\" data-element_type=\"column\" data-e-type=\"column\">\n\t\t\t<div class=\"elementor-widget-wrap elementor-element-populated\">\n\t\t\t\t\t\t<div class=\"elementor-element elementor-element-4e0e22a elementor-widget elementor-widget-heading\" data-id=\"4e0e22a\" data-element_type=\"widget\" data-e-type=\"widget\" data-widget_type=\"heading.default\">\n\t\t\t\t<div class=\"elementor-widget-container\">\n\t\t\t\t\t<h2 class=\"elementor-heading-title elementor-size-default\">Cr\u00e9dits photos<\/h2>\t\t\t\t<\/div>\n\t\t\t\t<\/div>\n\t\t\t\t\t<\/div>\n\t\t<\/div>\n\t\t\t\t\t<\/div>\n\t\t<\/section>\n\t\t\t\t<section class=\"elementor-section elementor-top-section elementor-element elementor-element-d54c2d4 elementor-section-boxed elementor-section-height-default elementor-section-height-default\" data-id=\"d54c2d4\" data-element_type=\"section\" data-e-type=\"section\">\n\t\t\t\t\t\t<div class=\"elementor-container elementor-column-gap-default\">\n\t\t\t\t\t<div class=\"elementor-column elementor-col-100 elementor-top-column elementor-element elementor-element-351ad84\" data-id=\"351ad84\" data-element_type=\"column\" data-e-type=\"column\">\n\t\t\t<div class=\"elementor-widget-wrap elementor-element-populated\">\n\t\t\t\t\t\t<div class=\"elementor-element elementor-element-7de6e3f elementor-widget elementor-widget-text-editor\" data-id=\"7de6e3f\" data-element_type=\"widget\" data-e-type=\"widget\" data-widget_type=\"text-editor.default\">\n\t\t\t\t<div class=\"elementor-widget-container\">\n\t\t\t\t\t\t\t\t\t<ul>\n<li>Site \u00e9dit\u00e9 par la Compagnie Col\u00e9gram&nbsp;<br>B\u00e2t. C7 \u2013 100 rue du 11 novembre&nbsp;93330 NEUILLY-SUR-MARNE&nbsp;<br>Siret 843 457 516 00022<br>Code Ape 9001Z<br>Num. licence N2-1118403 | 3-1118404<\/li>\n<li>Directeur de la publication : Tarek A\u00eft Meddour \u2013 contact@cie-colegram.com<\/li>\n<li>H\u00e9bergeur : OVH \u2013 2 rue Kellermann 59100 ROUBAIX \u2013 FRANCE<\/li>\n<li>R\u00e9alisation du site : <a href=\"https:\/\/www.overjoyed.fr\" target=\"_blank\" rel=\"noopener\">Overjoyed<\/a><\/li>\n<li>Cr\u00e9dits photos :&nbsp;<a href=\"https:\/\/www.facebook.com\/GillesAguilarPhotographies\/\" target=\"_blank\" rel=\"noopener\">Gilles Aguilar<\/a>,&nbsp;<a href=\"https:\/\/www.facebook.com\/cristina.mameli02\" target=\"_blank\" rel=\"noopener\">Cristina Mameli<\/a>,&nbsp;<a href=\"https:\/\/www.facebook.com\/phil.myself?__tn__=K-R&amp;eid=ARAy4godBWHsFWZ1pWPGy2AbtIpX_eHmxekmwCyv7Mi47vBp0e-1pHZAnU2Mqst8a7x6KD4lXuwrrWOl&amp;fref=mentions&amp;__xts__[0]=68.ARAZifthTZS1E-nurCzfdSemzRbhlZRZFRZfSIjC8rkeki0dZq82YFh_n95d513tzujJCegGMtb26r47aY8p99lI26gus-75QHVX5eGvyddE_kvW6daMegc4BbPuF5h0kUnBWbOtvboLFicM1QYfFcNHgp5aSwI17cAyolzZjz3mnOkoeU5-rCAXl2rkKhcWyjMpkOqYsU7IVlRBqZpIymYqrBE63lproaDiAiPjzeFyzx6ct6LqhrQAyBgZFcrK-kyRUZMi4_St0XNSWCXqK5V5Lm0SqEs6J7aoLe-0uT7AN7xHtb5hooYhu0Hcv4Q9iAhs5AgtITdlGZK5DVua51U\" target=\"_blank\" rel=\"noopener\">Philippe Monpontet<\/a>,&nbsp;<a href=\"https:\/\/www.christophepougetphotographies.com\" target=\"_blank\" rel=\"noopener\">Christophe Pouget, Vu Theara, Gilles Ledilhuidi, Nathalie Merle, Claude N\u00e9ant<\/a>.<\/li>\n<\/ul>\n<p>La Cie Col\u00e9gram est propri\u00e9taire des droits de propri\u00e9t\u00e9 intellectuelle ou d\u00e9tient les droits d\u2019usage sur tous les \u00e9l\u00e9ments accessibles sur le site, notamment les textes, images, graphismes, logo, ic\u00f4nes, sons, logiciels \u2013 sauf mention contraire. Toute reproduction, repr\u00e9sentation, modification, publication, adaptation de tout ou partie des \u00e9l\u00e9ments du site, quel que soit le moyen ou le proc\u00e9d\u00e9 utilis\u00e9, est interdite, sauf autorisation \u00e9crite pr\u00e9alable de la Cie Col\u00e9gram. Toute exploitation non autoris\u00e9e du site ou de l\u2019un quelconque des \u00e9l\u00e9ments qu\u2019il contient sera consid\u00e9r\u00e9e comme constitutive d\u2019une contrefa\u00e7on et poursuivie conform\u00e9ment aux dispositions des articles L.335-2 et suivants du Code de Propri\u00e9t\u00e9 Intellectuelle. Tout litige en relation avec l\u2019utilisation du site www.cie-colegram.com est soumis au droit fran\u00e7ais. Il est fait attribution exclusive de juridiction aux tribunaux comp\u00e9tents de Paris. Pour mentionner tout contenu illicite, merci de nous <a href=\"https:\/\/www.cie-colegram.com\/index.php\/contact\/\">contacter<\/a>.<\/p>\t\t\t\t\t\t\t\t<\/div>\n\t\t\t\t<\/div>\n\t\t\t\t\t<\/div>\n\t\t<\/div>\n\t\t\t\t\t<\/div>\n\t\t<\/section>\n\t\t\t\t<section class=\"elementor-section elementor-top-section elementor-element elementor-element-e58b4e2 elementor-section-boxed elementor-section-height-default elementor-section-height-default\" data-id=\"e58b4e2\" data-element_type=\"section\" data-e-type=\"section\">\n\t\t\t\t\t\t<div class=\"elementor-container elementor-column-gap-default\">\n\t\t\t\t\t<div class=\"elementor-column elementor-col-100 elementor-top-column elementor-element elementor-element-37fec11\" data-id=\"37fec11\" data-element_type=\"column\" data-e-type=\"column\">\n\t\t\t<div class=\"elementor-widget-wrap elementor-element-populated\">\n\t\t\t\t\t\t<div class=\"elementor-element elementor-element-e8945fe elementor-widget elementor-widget-heading\" data-id=\"e8945fe\" data-element_type=\"widget\" data-e-type=\"widget\" data-widget_type=\"heading.default\">\n\t\t\t\t<div class=\"elementor-widget-container\">\n\t\t\t\t\t<h2 class=\"elementor-heading-title elementor-size-default\">Responsabilit\u00e9s<\/h2>\t\t\t\t<\/div>\n\t\t\t\t<\/div>\n\t\t\t\t\t<\/div>\n\t\t<\/div>\n\t\t\t\t\t<\/div>\n\t\t<\/section>\n\t\t\t\t<section class=\"elementor-section elementor-top-section elementor-element elementor-element-4a20f76 elementor-section-boxed elementor-section-height-default elementor-section-height-default\" data-id=\"4a20f76\" data-element_type=\"section\" data-e-type=\"section\">\n\t\t\t\t\t\t<div class=\"elementor-container elementor-column-gap-default\">\n\t\t\t\t\t<div class=\"elementor-column elementor-col-100 elementor-top-column elementor-element elementor-element-65e78d5\" data-id=\"65e78d5\" data-element_type=\"column\" data-e-type=\"column\">\n\t\t\t<div class=\"elementor-widget-wrap elementor-element-populated\">\n\t\t\t\t\t\t<div class=\"elementor-element elementor-element-18605cf elementor-widget elementor-widget-text-editor\" data-id=\"18605cf\" data-element_type=\"widget\" data-e-type=\"widget\" data-widget_type=\"text-editor.default\">\n\t\t\t\t<div class=\"elementor-widget-container\">\n\t\t\t\t\t\t\t\t\t<p>La Cie Col\u00e9gram ne pourra \u00eatre tenue responsable des dommages directs et indirects caus\u00e9s au mat\u00e9riel de l\u2019utilisateur, lors de l\u2019acc\u00e8s au site www.cie-colegram.com, et r\u00e9sultant soit de l\u2019utilisation d\u2019un mat\u00e9riel inad\u00e9quat, soit de l\u2019apparition d\u2019un bug ou d\u2019une incompatibilit\u00e9. Des espaces interactifs (possibilit\u00e9 de laisser des commentaires et poser des questions dans l\u2019espace contact) sont \u00e0 la disposition des utilisateurs. La Cie Col\u00e9gram se r\u00e9serve le droit de supprimer, sans mise en demeure pr\u00e9alable, tout contenu d\u00e9pos\u00e9 dans cet espace qui contreviendrait \u00e0 la l\u00e9gislation applicable en France, en particulier aux dispositions relatives \u00e0 la protection des donn\u00e9es. Le cas \u00e9ch\u00e9ant, la Cie Col\u00e9gram se r\u00e9serve \u00e9galement la possibilit\u00e9 de mettre en cause la responsabilit\u00e9 civile et\/ou p\u00e9nale de l\u2019utilisateur, notamment en cas de message \u00e0 caract\u00e8re raciste, injurieux, diffamant, ou pornographique, quel que soit le support utilis\u00e9 (texte, photographie\u2026).<\/p>\t\t\t\t\t\t\t\t<\/div>\n\t\t\t\t<\/div>\n\t\t\t\t\t<\/div>\n\t\t<\/div>\n\t\t\t\t\t<\/div>\n\t\t<\/section>\n\t\t\t\t<section class=\"elementor-section elementor-top-section elementor-element elementor-element-f509d00 elementor-section-boxed elementor-section-height-default elementor-section-height-default\" data-id=\"f509d00\" data-element_type=\"section\" data-e-type=\"section\">\n\t\t\t\t\t\t<div class=\"elementor-container elementor-column-gap-default\">\n\t\t\t\t\t<div class=\"elementor-column elementor-col-100 elementor-top-column elementor-element elementor-element-e8e08b6\" data-id=\"e8e08b6\" data-element_type=\"column\" data-e-type=\"column\">\n\t\t\t<div class=\"elementor-widget-wrap elementor-element-populated\">\n\t\t\t\t\t\t<div class=\"elementor-element elementor-element-f9d5828 elementor-widget elementor-widget-heading\" data-id=\"f9d5828\" data-element_type=\"widget\" data-e-type=\"widget\" data-widget_type=\"heading.default\">\n\t\t\t\t<div class=\"elementor-widget-container\">\n\t\t\t\t\t<h2 class=\"elementor-heading-title elementor-size-default\">Contact<\/h2>\t\t\t\t<\/div>\n\t\t\t\t<\/div>\n\t\t\t\t\t<\/div>\n\t\t<\/div>\n\t\t\t\t\t<\/div>\n\t\t<\/section>\n\t\t\t\t<section class=\"elementor-section elementor-top-section elementor-element elementor-element-b35371e elementor-section-boxed elementor-section-height-default elementor-section-height-default\" data-id=\"b35371e\" data-element_type=\"section\" data-e-type=\"section\">\n\t\t\t\t\t\t<div class=\"elementor-container elementor-column-gap-default\">\n\t\t\t\t\t<div class=\"elementor-column elementor-col-100 elementor-top-column elementor-element elementor-element-f8c8976\" data-id=\"f8c8976\" data-element_type=\"column\" data-e-type=\"column\">\n\t\t\t<div class=\"elementor-widget-wrap elementor-element-populated\">\n\t\t\t\t\t\t<div class=\"elementor-element elementor-element-d1b7940 elementor-widget elementor-widget-text-editor\" data-id=\"d1b7940\" data-element_type=\"widget\" data-e-type=\"widget\" data-widget_type=\"text-editor.default\">\n\t\t\t\t<div class=\"elementor-widget-container\">\n\t\t\t\t\t\t\t\t\t<p>contact@cie-colegram.com<\/p>\t\t\t\t\t\t\t\t<\/div>\n\t\t\t\t<\/div>\n\t\t\t\t\t<\/div>\n\t\t<\/div>\n\t\t\t\t\t<\/div>\n\t\t<\/section>\n\t\t\t\t<section class=\"elementor-section elementor-top-section elementor-element elementor-element-5ebbe51 elementor-section-boxed elementor-section-height-default elementor-section-height-default\" data-id=\"5ebbe51\" data-element_type=\"section\" data-e-type=\"section\">\n\t\t\t\t\t\t<div class=\"elementor-container elementor-column-gap-default\">\n\t\t\t\t\t<div class=\"elementor-column elementor-col-100 elementor-top-column elementor-element elementor-element-c2f7e3b\" data-id=\"c2f7e3b\" data-element_type=\"column\" data-e-type=\"column\">\n\t\t\t<div class=\"elementor-widget-wrap elementor-element-populated\">\n\t\t\t\t\t\t<div class=\"elementor-element elementor-element-1c29fde elementor-widget elementor-widget-spacer\" data-id=\"1c29fde\" data-element_type=\"widget\" data-e-type=\"widget\" data-widget_type=\"spacer.default\">\n\t\t\t\t<div class=\"elementor-widget-container\">\n\t\t\t\t\t\t\t<div class=\"elementor-spacer\">\n\t\t\t<div class=\"elementor-spacer-inner\"><\/div>\n\t\t<\/div>\n\t\t\t\t\t\t<\/div>\n\t\t\t\t<\/div>\n\t\t\t\t\t<\/div>\n\t\t<\/div>\n\t\t\t\t\t<\/div>\n\t\t<\/section>\n\t\t\t\t<\/div>\n\t\t","protected":false},"excerpt":{"rendered":"<p>Cr\u00e9dits photos Site \u00e9dit\u00e9 par la Compagnie Col\u00e9gram&nbsp;B\u00e2t. C7 \u2013 100 rue du 11 novembre&nbsp;93330 NEUILLY-SUR-MARNE&nbsp;Siret 843 457 516 00022Code Ape 9001ZNum. licence N2-1118403 | 3-1118404 Directeur de la publication : Tarek A\u00eft Meddour \u2013 contact@cie-colegram.com H\u00e9bergeur : OVH \u2013 2 rue Kellermann 59100 ROUBAIX \u2013 FRANCE R\u00e9alisation du site : Overjoyed Cr\u00e9dits photos :&nbsp;Gilles&hellip;<\/p>\n","protected":false},"author":2,"featured_media":0,"parent":0,"menu_order":0,"comment_status":"closed","ping_status":"closed","template":"","meta":{"_monsterinsights_skip_tracking":false,"_monsterinsights_sitenote_active":false,"_monsterinsights_sitenote_note":"","_monsterinsights_sitenote_category":0,"footnotes":""},"class_list":["post-1492","page","type-page","status-publish","hentry"],"yoast_head":"<!-- This site is optimized with the Yoast SEO plugin v24.5 - https:\/\/yoast.com\/wordpress\/plugins\/seo\/ -->\n<title>MENTIONS L\u00c9GALES - Cie Col\u00e9gram | Tarek A\u00eft Meddour<\/title>\n<meta name=\"robots\" content=\"index, follow, max-snippet:-1, max-image-preview:large, max-video-preview:-1\" \/>\n<link rel=\"canonical\" href=\"https:\/\/www.cie-colegram.com\/index.php\/mentions-legales\/\" \/>\n<meta property=\"og:locale\" content=\"fr_FR\" \/>\n<meta property=\"og:type\" content=\"article\" \/>\n<meta property=\"og:title\" content=\"MENTIONS L\u00c9GALES - Cie Col\u00e9gram | Tarek A\u00eft Meddour\" \/>\n<meta property=\"og:description\" content=\"Cr\u00e9dits photos Site \u00e9dit\u00e9 par la Compagnie Col\u00e9gram&nbsp;B\u00e2t. C7 \u2013 100 rue du 11 novembre&nbsp;93330 NEUILLY-SUR-MARNE&nbsp;Siret 843 457 516 00022Code Ape 9001ZNum. licence N2-1118403 | 3-1118404 Directeur de la publication : Tarek A\u00eft Meddour \u2013 contact@cie-colegram.com H\u00e9bergeur : OVH \u2013 2 rue Kellermann 59100 ROUBAIX \u2013 FRANCE R\u00e9alisation du site : Overjoyed Cr\u00e9dits photos :&nbsp;Gilles&hellip;\" \/>\n<meta property=\"og:url\" content=\"https:\/\/www.cie-colegram.com\/index.php\/mentions-legales\/\" \/>\n<meta property=\"og:site_name\" content=\"Cie Col\u00e9gram | Tarek A\u00eft Meddour\" \/>\n<meta property=\"article:modified_time\" content=\"2025-02-04T17:36:38+00:00\" \/>\n<meta name=\"twitter:card\" content=\"summary_large_image\" \/>\n<meta name=\"twitter:label1\" content=\"Dur\u00e9e de lecture estim\u00e9e\" \/>\n\t<meta name=\"twitter:data1\" content=\"2 minutes\" \/>\n<script type=\"application\/ld+json\" class=\"yoast-schema-graph\">{\"@context\":\"https:\/\/schema.org\",\"@graph\":[{\"@type\":\"WebPage\",\"@id\":\"https:\/\/www.cie-colegram.com\/index.php\/mentions-legales\/\",\"url\":\"https:\/\/www.cie-colegram.com\/index.php\/mentions-legales\/\",\"name\":\"MENTIONS L\u00c9GALES - Cie Col\u00e9gram | Tarek A\u00eft Meddour\",\"isPartOf\":{\"@id\":\"https:\/\/www.cie-colegram.com\/#website\"},\"datePublished\":\"2020-01-20T00:29:54+00:00\",\"dateModified\":\"2025-02-04T17:36:38+00:00\",\"breadcrumb\":{\"@id\":\"https:\/\/www.cie-colegram.com\/index.php\/mentions-legales\/#breadcrumb\"},\"inLanguage\":\"fr-FR\",\"potentialAction\":[{\"@type\":\"ReadAction\",\"target\":[\"https:\/\/www.cie-colegram.com\/index.php\/mentions-legales\/\"]}]},{\"@type\":\"BreadcrumbList\",\"@id\":\"https:\/\/www.cie-colegram.com\/index.php\/mentions-legales\/#breadcrumb\",\"itemListElement\":[{\"@type\":\"ListItem\",\"position\":1,\"name\":\"Accueil\",\"item\":\"https:\/\/www.cie-colegram.com\/\"},{\"@type\":\"ListItem\",\"position\":2,\"name\":\"MENTIONS L\u00c9GALES\"}]},{\"@type\":\"WebSite\",\"@id\":\"https:\/\/www.cie-colegram.com\/#website\",\"url\":\"https:\/\/www.cie-colegram.com\/\",\"name\":\"Cie Col\u00e9gram | Tarek A\u00eft Meddour\",\"description\":\"\",\"publisher\":{\"@id\":\"https:\/\/www.cie-colegram.com\/#organization\"},\"potentialAction\":[{\"@type\":\"SearchAction\",\"target\":{\"@type\":\"EntryPoint\",\"urlTemplate\":\"https:\/\/www.cie-colegram.com\/?s={search_term_string}\"},\"query-input\":{\"@type\":\"PropertyValueSpecification\",\"valueRequired\":true,\"valueName\":\"search_term_string\"}}],\"inLanguage\":\"fr-FR\"},{\"@type\":\"Organization\",\"@id\":\"https:\/\/www.cie-colegram.com\/#organization\",\"name\":\"Cie Col\u00e9gram | Tarek A\u00eft Meddour\",\"url\":\"https:\/\/www.cie-colegram.com\/\",\"logo\":{\"@type\":\"ImageObject\",\"inLanguage\":\"fr-FR\",\"@id\":\"https:\/\/www.cie-colegram.com\/#\/schema\/logo\/image\/\",\"url\":\"https:\/\/www.cie-colegram.com\/wp-content\/uploads\/2019\/12\/CLG_logo_NOIR.png\",\"contentUrl\":\"https:\/\/www.cie-colegram.com\/wp-content\/uploads\/2019\/12\/CLG_logo_NOIR.png\",\"width\":1550,\"height\":2000,\"caption\":\"Cie Col\u00e9gram | Tarek A\u00eft Meddour\"},\"image\":{\"@id\":\"https:\/\/www.cie-colegram.com\/#\/schema\/logo\/image\/\"}}]}<\/script>\n<!-- \/ Yoast SEO plugin. -->","yoast_head_json":{"title":"MENTIONS L\u00c9GALES - Cie Col\u00e9gram | Tarek A\u00eft Meddour","robots":{"index":"index","follow":"follow","max-snippet":"max-snippet:-1","max-image-preview":"max-image-preview:large","max-video-preview":"max-video-preview:-1"},"canonical":"https:\/\/www.cie-colegram.com\/index.php\/mentions-legales\/","og_locale":"fr_FR","og_type":"article","og_title":"MENTIONS L\u00c9GALES - Cie Col\u00e9gram | Tarek A\u00eft Meddour","og_description":"Cr\u00e9dits photos Site \u00e9dit\u00e9 par la Compagnie Col\u00e9gram&nbsp;B\u00e2t. C7 \u2013 100 rue du 11 novembre&nbsp;93330 NEUILLY-SUR-MARNE&nbsp;Siret 843 457 516 00022Code Ape 9001ZNum. licence N2-1118403 | 3-1118404 Directeur de la publication : Tarek A\u00eft Meddour \u2013 contact@cie-colegram.com H\u00e9bergeur : OVH \u2013 2 rue Kellermann 59100 ROUBAIX \u2013 FRANCE R\u00e9alisation du site : Overjoyed Cr\u00e9dits photos :&nbsp;Gilles&hellip;","og_url":"https:\/\/www.cie-colegram.com\/index.php\/mentions-legales\/","og_site_name":"Cie Col\u00e9gram | Tarek A\u00eft Meddour","article_modified_time":"2025-02-04T17:36:38+00:00","twitter_card":"summary_large_image","twitter_misc":{"Dur\u00e9e de lecture estim\u00e9e":"2 minutes"},"schema":{"@context":"https:\/\/schema.org","@graph":[{"@type":"WebPage","@id":"https:\/\/www.cie-colegram.com\/index.php\/mentions-legales\/","url":"https:\/\/www.cie-colegram.com\/index.php\/mentions-legales\/","name":"MENTIONS L\u00c9GALES - Cie Col\u00e9gram | Tarek A\u00eft Meddour","isPartOf":{"@id":"https:\/\/www.cie-colegram.com\/#website"},"datePublished":"2020-01-20T00:29:54+00:00","dateModified":"2025-02-04T17:36:38+00:00","breadcrumb":{"@id":"https:\/\/www.cie-colegram.com\/index.php\/mentions-legales\/#breadcrumb"},"inLanguage":"fr-FR","potentialAction":[{"@type":"ReadAction","target":["https:\/\/www.cie-colegram.com\/index.php\/mentions-legales\/"]}]},{"@type":"BreadcrumbList","@id":"https:\/\/www.cie-colegram.com\/index.php\/mentions-legales\/#breadcrumb","itemListElement":[{"@type":"ListItem","position":1,"name":"Accueil","item":"https:\/\/www.cie-colegram.com\/"},{"@type":"ListItem","position":2,"name":"MENTIONS L\u00c9GALES"}]},{"@type":"WebSite","@id":"https:\/\/www.cie-colegram.com\/#website","url":"https:\/\/www.cie-colegram.com\/","name":"Cie Col\u00e9gram | Tarek A\u00eft Meddour","description":"","publisher":{"@id":"https:\/\/www.cie-colegram.com\/#organization"},"potentialAction":[{"@type":"SearchAction","target":{"@type":"EntryPoint","urlTemplate":"https:\/\/www.cie-colegram.com\/?s={search_term_string}"},"query-input":{"@type":"PropertyValueSpecification","valueRequired":true,"valueName":"search_term_string"}}],"inLanguage":"fr-FR"},{"@type":"Organization","@id":"https:\/\/www.cie-colegram.com\/#organization","name":"Cie Col\u00e9gram | Tarek A\u00eft Meddour","url":"https:\/\/www.cie-colegram.com\/","logo":{"@type":"ImageObject","inLanguage":"fr-FR","@id":"https:\/\/www.cie-colegram.com\/#\/schema\/logo\/image\/","url":"https:\/\/www.cie-colegram.com\/wp-content\/uploads\/2019\/12\/CLG_logo_NOIR.png","contentUrl":"https:\/\/www.cie-colegram.com\/wp-content\/uploads\/2019\/12\/CLG_logo_NOIR.png","width":1550,"height":2000,"caption":"Cie Col\u00e9gram | Tarek A\u00eft Meddour"},"image":{"@id":"https:\/\/www.cie-colegram.com\/#\/schema\/logo\/image\/"}}]}},"_links":{"self":[{"href":"https:\/\/www.cie-colegram.com\/index.php\/wp-json\/wp\/v2\/pages\/1492","targetHints":{"allow":["GET"]}}],"collection":[{"href":"https:\/\/www.cie-colegram.com\/index.php\/wp-json\/wp\/v2\/pages"}],"about":[{"href":"https:\/\/www.cie-colegram.com\/index.php\/wp-json\/wp\/v2\/types\/page"}],"author":[{"embeddable":true,"href":"https:\/\/www.cie-colegram.com\/index.php\/wp-json\/wp\/v2\/users\/2"}],"replies":[{"embeddable":true,"href":"https:\/\/www.cie-colegram.com\/index.php\/wp-json\/wp\/v2\/comments?post=1492"}],"version-history":[{"count":22,"href":"https:\/\/www.cie-colegram.com\/index.php\/wp-json\/wp\/v2\/pages\/1492\/revisions"}],"predecessor-version":[{"id":2720,"href":"https:\/\/www.cie-colegram.com\/index.php\/wp-json\/wp\/v2\/pages\/1492\/revisions\/2720"}],"wp:attachment":[{"href":"https:\/\/www.cie-colegram.com\/index.php\/wp-json\/wp\/v2\/media?parent=1492"}],"curies":[{"name":"wp","href":"https:\/\/api.w.org\/{rel}","templated":true}]}}