{"id":111,"date":"2019-12-15T21:30:46","date_gmt":"2019-12-15T20:30:46","guid":{"rendered":"https:\/\/www.cie-colegram.com\/?page_id=111"},"modified":"2025-02-24T11:42:24","modified_gmt":"2025-02-24T10:42:24","slug":"contact","status":"publish","type":"page","link":"https:\/\/www.cie-colegram.com\/index.php\/contact\/","title":{"rendered":"CONTACT"},"content":{"rendered":"\t\t<div data-elementor-type=\"wp-page\" data-elementor-id=\"111\" class=\"elementor elementor-111\">\n\t\t\t\t\t\t<section class=\"elementor-section elementor-top-section elementor-element elementor-element-a8fbda6 elementor-section-stretched elementor-section-boxed elementor-section-height-default elementor-section-height-default\" data-id=\"a8fbda6\" data-element_type=\"section\" data-e-type=\"section\" data-settings=\"{&quot;stretch_section&quot;:&quot;section-stretched&quot;}\">\n\t\t\t\t\t\t<div class=\"elementor-container elementor-column-gap-wider\">\n\t\t\t\t\t<div class=\"elementor-column elementor-col-50 elementor-top-column elementor-element elementor-element-17fdd39\" data-id=\"17fdd39\" data-element_type=\"column\" data-e-type=\"column\" data-settings=\"{&quot;background_background&quot;:&quot;classic&quot;}\">\n\t\t\t<div class=\"elementor-widget-wrap elementor-element-populated\">\n\t\t\t\t\t\t<div class=\"elementor-element elementor-element-98b4248 elementor-widget elementor-widget-text-editor\" data-id=\"98b4248\" data-element_type=\"widget\" data-e-type=\"widget\" data-widget_type=\"text-editor.default\">\n\t\t\t\t<div class=\"elementor-widget-container\">\n\t\t\t\t\t\t\t\t\t<div class=\"wpforms-container wpforms-container-full\" id=\"wpforms-110\"><form id=\"wpforms-form-110\" class=\"wpforms-validate wpforms-form\" data-formid=\"110\" method=\"post\" enctype=\"multipart\/form-data\" action=\"\/index.php\/wp-json\/wp\/v2\/pages\/111\" data-token=\"4acc3fd57432c906da3e468a3dc252a2\" data-token-time=\"1776656346\"><noscript class=\"wpforms-error-noscript\">Veuillez activer JavaScript dans votre navigateur pour remplir ce formulaire.<\/noscript><div class=\"wpforms-field-container\"><div id=\"wpforms-110-field_0-container\" class=\"wpforms-field wpforms-field-name\" data-field-id=\"0\"><label class=\"wpforms-field-label\">Nom <span class=\"wpforms-required-label\">*<\/span><\/label><div class=\"wpforms-field-row wpforms-field-medium\"><div class=\"wpforms-field-row-block wpforms-first wpforms-one-half\"><input type=\"text\" id=\"wpforms-110-field_0\" class=\"wpforms-field-name-first wpforms-field-required\" name=\"wpforms[fields][0][first]\" required><label for=\"wpforms-110-field_0\" class=\"wpforms-field-sublabel after\">Pr\u00e9nom<\/label><\/div><div class=\"wpforms-field-row-block wpforms-one-half\"><input type=\"text\" id=\"wpforms-110-field_0-last\" class=\"wpforms-field-name-last wpforms-field-required\" name=\"wpforms[fields][0][last]\" required><label for=\"wpforms-110-field_0-last\" class=\"wpforms-field-sublabel after\">Nom<\/label><\/div><\/div><\/div><div id=\"wpforms-110-field_1-container\" class=\"wpforms-field wpforms-field-email\" data-field-id=\"1\"><label class=\"wpforms-field-label\" for=\"wpforms-110-field_1\">E-mail <span class=\"wpforms-required-label\">*<\/span><\/label><input type=\"email\" id=\"wpforms-110-field_1\" class=\"wpforms-field-medium wpforms-field-required\" name=\"wpforms[fields][1]\" spellcheck=\"false\" required><\/div><div id=\"wpforms-110-field_3-container\" class=\"wpforms-field wpforms-field-text\" data-field-id=\"3\"><label class=\"wpforms-field-label\" for=\"wpforms-110-field_3\">Objet <span class=\"wpforms-required-label\">*<\/span><\/label><input type=\"text\" id=\"wpforms-110-field_3\" class=\"wpforms-field-medium wpforms-field-required\" name=\"wpforms[fields][3]\" required><\/div><div id=\"wpforms-110-field_2-container\" class=\"wpforms-field wpforms-field-textarea\" data-field-id=\"2\"><label class=\"wpforms-field-label\" for=\"wpforms-110-field_2\">Commentaire ou message <span class=\"wpforms-required-label\">*<\/span><\/label><textarea id=\"wpforms-110-field_2\" class=\"wpforms-field-medium wpforms-field-required\" name=\"wpforms[fields][2]\" required><\/textarea><\/div><\/div><!-- .wpforms-field-container --><div class=\"wpforms-field wpforms-field-hp\"><label for=\"wpforms-110-field-hp\" class=\"wpforms-field-label\">Name<\/label><input type=\"text\" name=\"wpforms[hp]\" id=\"wpforms-110-field-hp\" class=\"wpforms-field-medium\"><\/div><div class=\"wpforms-submit-container\" ><input type=\"hidden\" name=\"wpforms[id]\" value=\"110\"><input type=\"hidden\" name=\"page_title\" value=\"\"><input type=\"hidden\" name=\"page_url\" value=\"https:\/\/www.cie-colegram.com\/index.php\/wp-json\/wp\/v2\/pages\/111\"><button type=\"submit\" name=\"wpforms[submit]\" id=\"wpforms-submit-110\" class=\"wpforms-submit\" data-alt-text=\"Envoi...\" data-submit-text=\"Envoyer\" aria-live=\"assertive\" value=\"wpforms-submit\">Envoyer<\/button><\/div><\/form><\/div>  <!-- .wpforms-container -->\t\t\t\t\t\t\t\t<\/div>\n\t\t\t\t<\/div>\n\t\t\t\t\t<\/div>\n\t\t<\/div>\n\t\t\t\t<div class=\"elementor-column elementor-col-50 elementor-top-column elementor-element elementor-element-f52bf36\" data-id=\"f52bf36\" data-element_type=\"column\" data-e-type=\"column\">\n\t\t\t<div class=\"elementor-widget-wrap elementor-element-populated\">\n\t\t\t\t\t\t<div class=\"elementor-element elementor-element-065cf0b elementor-widget elementor-widget-text-editor\" data-id=\"065cf0b\" data-element_type=\"widget\" data-e-type=\"widget\" data-widget_type=\"text-editor.default\">\n\t\t\t\t<div class=\"elementor-widget-container\">\n\t\t\t\t\t\t\t\t\t<p><strong>C\u00e9cile Combaret<\/strong><br>contact@cie-colegram.com<br>Tel. 06 83 07 02 02<\/p>\t\t\t\t\t\t\t\t<\/div>\n\t\t\t\t<\/div>\n\t\t\t\t<div class=\"elementor-element elementor-element-caf2a10 elementor-widget elementor-widget-text-editor\" data-id=\"caf2a10\" data-element_type=\"widget\" data-e-type=\"widget\" data-widget_type=\"text-editor.default\">\n\t\t\t\t<div class=\"elementor-widget-container\">\n\t\t\t\t\t\t\t\t\t<p><strong>COMPAGNIE COL\u00c9GRAM<\/strong><br \/>21 rue Notre Dame<br \/>69006 LYON<br \/>Siret 843 457 516 00022<br \/>Code Ape 9001Z<br \/>Num. licence PLATESV-R-2025-001483 et PLATESV-R-2025-001484<\/p>\t\t\t\t\t\t\t\t<\/div>\n\t\t\t\t<\/div>\n\t\t\t\t\t<\/div>\n\t\t<\/div>\n\t\t\t\t\t<\/div>\n\t\t<\/section>\n\t\t\t\t<section class=\"elementor-section elementor-top-section elementor-element elementor-element-bec2a48 elementor-section-boxed elementor-section-height-default elementor-section-height-default\" data-id=\"bec2a48\" data-element_type=\"section\" data-e-type=\"section\">\n\t\t\t\t\t\t<div class=\"elementor-container elementor-column-gap-default\">\n\t\t\t\t\t<div class=\"elementor-column elementor-col-100 elementor-top-column elementor-element elementor-element-1609f52\" data-id=\"1609f52\" data-element_type=\"column\" data-e-type=\"column\">\n\t\t\t<div class=\"elementor-widget-wrap\">\n\t\t\t\t\t\t\t<\/div>\n\t\t<\/div>\n\t\t\t\t\t<\/div>\n\t\t<\/section>\n\t\t\t\t<section class=\"elementor-section elementor-top-section elementor-element elementor-element-f737838 elementor-section-boxed elementor-section-height-default elementor-section-height-default\" data-id=\"f737838\" data-element_type=\"section\" data-e-type=\"section\">\n\t\t\t\t\t\t<div class=\"elementor-container elementor-column-gap-default\">\n\t\t\t\t\t<div class=\"elementor-column elementor-col-33 elementor-top-column elementor-element elementor-element-2c652b6\" data-id=\"2c652b6\" data-element_type=\"column\" data-e-type=\"column\">\n\t\t\t<div class=\"elementor-widget-wrap\">\n\t\t\t\t\t\t\t<\/div>\n\t\t<\/div>\n\t\t\t\t<div class=\"elementor-column elementor-col-33 elementor-top-column elementor-element elementor-element-be30ca5\" data-id=\"be30ca5\" data-element_type=\"column\" data-e-type=\"column\">\n\t\t\t<div class=\"elementor-widget-wrap\">\n\t\t\t\t\t\t\t<\/div>\n\t\t<\/div>\n\t\t\t\t<div class=\"elementor-column elementor-col-33 elementor-top-column elementor-element elementor-element-0fe1878\" data-id=\"0fe1878\" data-element_type=\"column\" data-e-type=\"column\">\n\t\t\t<div class=\"elementor-widget-wrap\">\n\t\t\t\t\t\t\t<\/div>\n\t\t<\/div>\n\t\t\t\t\t<\/div>\n\t\t<\/section>\n\t\t\t\t<\/div>\n\t\t","protected":false},"excerpt":{"rendered":"<p>C\u00e9cile Combaretcontact@cie-colegram.comTel. 06 83 07 02 02 COMPAGNIE COL\u00c9GRAM21 rue Notre Dame69006 LYONSiret 843 457 516 00022Code Ape 9001ZNum. licence PLATESV-R-2025-001483 et PLATESV-R-2025-001484<\/p>\n","protected":false},"author":2,"featured_media":501,"parent":0,"menu_order":0,"comment_status":"closed","ping_status":"closed","template":"","meta":{"_monsterinsights_skip_tracking":false,"_monsterinsights_sitenote_active":false,"_monsterinsights_sitenote_note":"","_monsterinsights_sitenote_category":0,"footnotes":""},"class_list":["post-111","page","type-page","status-publish","has-post-thumbnail","hentry"],"yoast_head":"<!-- This site is optimized with the Yoast SEO plugin v24.5 - https:\/\/yoast.com\/wordpress\/plugins\/seo\/ -->\n<title>CONTACT - Cie Col\u00e9gram | Tarek A\u00eft Meddour<\/title>\n<meta name=\"description\" content=\"Pour contacter la Cie Col\u00e9gram \/ Tarek A\u00eft Meddour.\" \/>\n<meta name=\"robots\" content=\"index, follow, max-snippet:-1, max-image-preview:large, max-video-preview:-1\" \/>\n<link rel=\"canonical\" href=\"https:\/\/www.cie-colegram.com\/index.php\/contact\/\" \/>\n<meta property=\"og:locale\" content=\"fr_FR\" \/>\n<meta property=\"og:type\" content=\"article\" \/>\n<meta property=\"og:title\" content=\"CONTACT - Cie Col\u00e9gram | Tarek A\u00eft Meddour\" \/>\n<meta property=\"og:description\" content=\"Pour contacter la Cie Col\u00e9gram \/ Tarek A\u00eft Meddour.\" \/>\n<meta property=\"og:url\" content=\"https:\/\/www.cie-colegram.com\/index.php\/contact\/\" \/>\n<meta property=\"og:site_name\" content=\"Cie Col\u00e9gram | Tarek A\u00eft Meddour\" \/>\n<meta property=\"article:modified_time\" content=\"2025-02-24T10:42:24+00:00\" \/>\n<meta property=\"og:image\" content=\"https:\/\/www.cie-colegram.com\/wp-content\/uploads\/2020\/01\/cie-colegram-contact.jpg\" \/>\n\t<meta property=\"og:image:width\" content=\"2000\" \/>\n\t<meta property=\"og:image:height\" content=\"1200\" \/>\n\t<meta property=\"og:image:type\" content=\"image\/jpeg\" \/>\n<meta name=\"twitter:card\" content=\"summary_large_image\" \/>\n<meta name=\"twitter:label1\" content=\"Dur\u00e9e de lecture estim\u00e9e\" \/>\n\t<meta name=\"twitter:data1\" content=\"1 minute\" \/>\n<script type=\"application\/ld+json\" class=\"yoast-schema-graph\">{\"@context\":\"https:\/\/schema.org\",\"@graph\":[{\"@type\":\"WebPage\",\"@id\":\"https:\/\/www.cie-colegram.com\/index.php\/contact\/\",\"url\":\"https:\/\/www.cie-colegram.com\/index.php\/contact\/\",\"name\":\"CONTACT - Cie Col\u00e9gram | Tarek A\u00eft Meddour\",\"isPartOf\":{\"@id\":\"https:\/\/www.cie-colegram.com\/#website\"},\"primaryImageOfPage\":{\"@id\":\"https:\/\/www.cie-colegram.com\/index.php\/contact\/#primaryimage\"},\"image\":{\"@id\":\"https:\/\/www.cie-colegram.com\/index.php\/contact\/#primaryimage\"},\"thumbnailUrl\":\"https:\/\/www.cie-colegram.com\/wp-content\/uploads\/2020\/01\/cie-colegram-contact.jpg\",\"datePublished\":\"2019-12-15T20:30:46+00:00\",\"dateModified\":\"2025-02-24T10:42:24+00:00\",\"description\":\"Pour contacter la Cie Col\u00e9gram \/ Tarek A\u00eft Meddour.\",\"breadcrumb\":{\"@id\":\"https:\/\/www.cie-colegram.com\/index.php\/contact\/#breadcrumb\"},\"inLanguage\":\"fr-FR\",\"potentialAction\":[{\"@type\":\"ReadAction\",\"target\":[\"https:\/\/www.cie-colegram.com\/index.php\/contact\/\"]}]},{\"@type\":\"ImageObject\",\"inLanguage\":\"fr-FR\",\"@id\":\"https:\/\/www.cie-colegram.com\/index.php\/contact\/#primaryimage\",\"url\":\"https:\/\/www.cie-colegram.com\/wp-content\/uploads\/2020\/01\/cie-colegram-contact.jpg\",\"contentUrl\":\"https:\/\/www.cie-colegram.com\/wp-content\/uploads\/2020\/01\/cie-colegram-contact.jpg\",\"width\":2000,\"height\":1200,\"caption\":\"Cie Col\u00e9gram - Photo \u00a9 Philippe Monpontet\"},{\"@type\":\"BreadcrumbList\",\"@id\":\"https:\/\/www.cie-colegram.com\/index.php\/contact\/#breadcrumb\",\"itemListElement\":[{\"@type\":\"ListItem\",\"position\":1,\"name\":\"Accueil\",\"item\":\"https:\/\/www.cie-colegram.com\/\"},{\"@type\":\"ListItem\",\"position\":2,\"name\":\"CONTACT\"}]},{\"@type\":\"WebSite\",\"@id\":\"https:\/\/www.cie-colegram.com\/#website\",\"url\":\"https:\/\/www.cie-colegram.com\/\",\"name\":\"Cie Col\u00e9gram | Tarek A\u00eft Meddour\",\"description\":\"\",\"publisher\":{\"@id\":\"https:\/\/www.cie-colegram.com\/#organization\"},\"potentialAction\":[{\"@type\":\"SearchAction\",\"target\":{\"@type\":\"EntryPoint\",\"urlTemplate\":\"https:\/\/www.cie-colegram.com\/?s={search_term_string}\"},\"query-input\":{\"@type\":\"PropertyValueSpecification\",\"valueRequired\":true,\"valueName\":\"search_term_string\"}}],\"inLanguage\":\"fr-FR\"},{\"@type\":\"Organization\",\"@id\":\"https:\/\/www.cie-colegram.com\/#organization\",\"name\":\"Cie Col\u00e9gram | Tarek A\u00eft Meddour\",\"url\":\"https:\/\/www.cie-colegram.com\/\",\"logo\":{\"@type\":\"ImageObject\",\"inLanguage\":\"fr-FR\",\"@id\":\"https:\/\/www.cie-colegram.com\/#\/schema\/logo\/image\/\",\"url\":\"https:\/\/www.cie-colegram.com\/wp-content\/uploads\/2019\/12\/CLG_logo_NOIR.png\",\"contentUrl\":\"https:\/\/www.cie-colegram.com\/wp-content\/uploads\/2019\/12\/CLG_logo_NOIR.png\",\"width\":1550,\"height\":2000,\"caption\":\"Cie Col\u00e9gram | Tarek A\u00eft Meddour\"},\"image\":{\"@id\":\"https:\/\/www.cie-colegram.com\/#\/schema\/logo\/image\/\"}}]}<\/script>\n<!-- \/ Yoast SEO plugin. -->","yoast_head_json":{"title":"CONTACT - Cie Col\u00e9gram | Tarek A\u00eft Meddour","description":"Pour contacter la Cie Col\u00e9gram \/ Tarek A\u00eft Meddour.","robots":{"index":"index","follow":"follow","max-snippet":"max-snippet:-1","max-image-preview":"max-image-preview:large","max-video-preview":"max-video-preview:-1"},"canonical":"https:\/\/www.cie-colegram.com\/index.php\/contact\/","og_locale":"fr_FR","og_type":"article","og_title":"CONTACT - Cie Col\u00e9gram | Tarek A\u00eft Meddour","og_description":"Pour contacter la Cie Col\u00e9gram \/ Tarek A\u00eft Meddour.","og_url":"https:\/\/www.cie-colegram.com\/index.php\/contact\/","og_site_name":"Cie Col\u00e9gram | Tarek A\u00eft Meddour","article_modified_time":"2025-02-24T10:42:24+00:00","og_image":[{"width":2000,"height":1200,"url":"https:\/\/www.cie-colegram.com\/wp-content\/uploads\/2020\/01\/cie-colegram-contact.jpg","type":"image\/jpeg"}],"twitter_card":"summary_large_image","twitter_misc":{"Dur\u00e9e de lecture estim\u00e9e":"1 minute"},"schema":{"@context":"https:\/\/schema.org","@graph":[{"@type":"WebPage","@id":"https:\/\/www.cie-colegram.com\/index.php\/contact\/","url":"https:\/\/www.cie-colegram.com\/index.php\/contact\/","name":"CONTACT - Cie Col\u00e9gram | Tarek A\u00eft Meddour","isPartOf":{"@id":"https:\/\/www.cie-colegram.com\/#website"},"primaryImageOfPage":{"@id":"https:\/\/www.cie-colegram.com\/index.php\/contact\/#primaryimage"},"image":{"@id":"https:\/\/www.cie-colegram.com\/index.php\/contact\/#primaryimage"},"thumbnailUrl":"https:\/\/www.cie-colegram.com\/wp-content\/uploads\/2020\/01\/cie-colegram-contact.jpg","datePublished":"2019-12-15T20:30:46+00:00","dateModified":"2025-02-24T10:42:24+00:00","description":"Pour contacter la Cie Col\u00e9gram \/ Tarek A\u00eft Meddour.","breadcrumb":{"@id":"https:\/\/www.cie-colegram.com\/index.php\/contact\/#breadcrumb"},"inLanguage":"fr-FR","potentialAction":[{"@type":"ReadAction","target":["https:\/\/www.cie-colegram.com\/index.php\/contact\/"]}]},{"@type":"ImageObject","inLanguage":"fr-FR","@id":"https:\/\/www.cie-colegram.com\/index.php\/contact\/#primaryimage","url":"https:\/\/www.cie-colegram.com\/wp-content\/uploads\/2020\/01\/cie-colegram-contact.jpg","contentUrl":"https:\/\/www.cie-colegram.com\/wp-content\/uploads\/2020\/01\/cie-colegram-contact.jpg","width":2000,"height":1200,"caption":"Cie Col\u00e9gram - Photo \u00a9 Philippe Monpontet"},{"@type":"BreadcrumbList","@id":"https:\/\/www.cie-colegram.com\/index.php\/contact\/#breadcrumb","itemListElement":[{"@type":"ListItem","position":1,"name":"Accueil","item":"https:\/\/www.cie-colegram.com\/"},{"@type":"ListItem","position":2,"name":"CONTACT"}]},{"@type":"WebSite","@id":"https:\/\/www.cie-colegram.com\/#website","url":"https:\/\/www.cie-colegram.com\/","name":"Cie Col\u00e9gram | Tarek A\u00eft Meddour","description":"","publisher":{"@id":"https:\/\/www.cie-colegram.com\/#organization"},"potentialAction":[{"@type":"SearchAction","target":{"@type":"EntryPoint","urlTemplate":"https:\/\/www.cie-colegram.com\/?s={search_term_string}"},"query-input":{"@type":"PropertyValueSpecification","valueRequired":true,"valueName":"search_term_string"}}],"inLanguage":"fr-FR"},{"@type":"Organization","@id":"https:\/\/www.cie-colegram.com\/#organization","name":"Cie Col\u00e9gram | Tarek A\u00eft Meddour","url":"https:\/\/www.cie-colegram.com\/","logo":{"@type":"ImageObject","inLanguage":"fr-FR","@id":"https:\/\/www.cie-colegram.com\/#\/schema\/logo\/image\/","url":"https:\/\/www.cie-colegram.com\/wp-content\/uploads\/2019\/12\/CLG_logo_NOIR.png","contentUrl":"https:\/\/www.cie-colegram.com\/wp-content\/uploads\/2019\/12\/CLG_logo_NOIR.png","width":1550,"height":2000,"caption":"Cie Col\u00e9gram | Tarek A\u00eft Meddour"},"image":{"@id":"https:\/\/www.cie-colegram.com\/#\/schema\/logo\/image\/"}}]}},"_links":{"self":[{"href":"https:\/\/www.cie-colegram.com\/index.php\/wp-json\/wp\/v2\/pages\/111","targetHints":{"allow":["GET"]}}],"collection":[{"href":"https:\/\/www.cie-colegram.com\/index.php\/wp-json\/wp\/v2\/pages"}],"about":[{"href":"https:\/\/www.cie-colegram.com\/index.php\/wp-json\/wp\/v2\/types\/page"}],"author":[{"embeddable":true,"href":"https:\/\/www.cie-colegram.com\/index.php\/wp-json\/wp\/v2\/users\/2"}],"replies":[{"embeddable":true,"href":"https:\/\/www.cie-colegram.com\/index.php\/wp-json\/wp\/v2\/comments?post=111"}],"version-history":[{"count":50,"href":"https:\/\/www.cie-colegram.com\/index.php\/wp-json\/wp\/v2\/pages\/111\/revisions"}],"predecessor-version":[{"id":2781,"href":"https:\/\/www.cie-colegram.com\/index.php\/wp-json\/wp\/v2\/pages\/111\/revisions\/2781"}],"wp:featuredmedia":[{"embeddable":true,"href":"https:\/\/www.cie-colegram.com\/index.php\/wp-json\/wp\/v2\/media\/501"}],"wp:attachment":[{"href":"https:\/\/www.cie-colegram.com\/index.php\/wp-json\/wp\/v2\/media?parent=111"}],"curies":[{"name":"wp","href":"https:\/\/api.w.org\/{rel}","templated":true}]}}